{"id":2401,"date":"2023-03-30T01:19:39","date_gmt":"2023-03-30T04:19:39","guid":{"rendered":"https:\/\/www.grupocabrera.com.br\/?page_id=2401"},"modified":"2023-03-31T17:57:20","modified_gmt":"2023-03-31T20:57:20","slug":"solar-farm","status":"publish","type":"page","link":"https:\/\/www.grupocabrera.com.br\/en\/sectors\/solar-farm\/","title":{"rendered":"Solar Farm"},"content":{"rendered":"<section id=\"block_c8aea975c2c372f52b421050e1833878\" class=\"row row_ban_internal bg-none bg-fill-full  \" data-aos=\"fade-up\" data-aos-delay=\"100\" >\n          <div class=\"line     line-banner -internal -page-title -mask -full \" style=\" max-height:550px; \">\n      <span class=\"wrap-img img-item\" style=\"\">\n        <picture class=\"wrap-cover\">\n          <source media=\"(max-width: 991px)\" srcset=\"https:\/\/www.grupocabrera.com.br\/wp-content\/uploads\/2023\/03\/banner-fazenda-solar-1024x293.png\">\n          <img decoding=\"async\" src=\"https:\/\/www.grupocabrera.com.br\/wp-content\/uploads\/2023\/03\/banner-fazenda-solar.png\" alt=\"\">\n        <\/picture>\n      <\/span>\n    <span  class=\"wrap-content  -center\" \n                                                                          ><nav class=\"wrap-beadcrumb\" role=\"menu\"><span><span><a href=\"https:\/\/www.grupocabrera.com.br\/en\/\"><i class=\"far fa-home\"><\/i> Home<\/a><\/span><\/span><\/nav><span class=\"col-12 wrap-titles \"><h2 style=\"text-align: center;\">SOLAR FARM<\/h2><\/span><\/span><span class=\"arrow-divider\"><i class=\"far fa-arrow-down\"><\/i><\/span><\/div><\/section>\n\n<section id=\"block_0aac848c37da6a31ecb438a7ff68a7d9\" class=\"row row_text bg-none   \" data-aos=\"fade-up\" data-aos-delay=\"100\" >\n          <div class=\"line top-space-large bottom-space-minor   \"><span  class=\"col-12 wrap-content one-column -left\" \n                                                                           style=\"max-width:80%; margin-left:auto; margin-right:auto;\"><p>Brazil is a tropical country privileged in sunlight absorption.<\/p>\n<p>We are one of the countries that receive the most solar radiation in the world, mainly because it is located close to the equator. The country receives a high incidence of sunlight throughout the day, with little variations over the seasons due to the characteristics of the planet&#8217;s translation.<\/p>\n<p>According to the Brazilian Atlas of Solar Energy, Brazil receives more than 3,000 hours of sunlight throughout the year, corresponding to a daily solar incidence that can range from 4,500 to 6,300 Wh\/m\u00b2.<\/p>\n<p>Considering this, Grupo Cabrera created Genesis Solaris, and it&#8217;s diversifying its activities in this area, an area which is so important and has so much growth potential. We are starting the construction of Solar Farms in the states of S\u00e3o Paulo, Par\u00e1 and Bahia, always looking for the best way to change the world with Christian values, which guide all the group&#8217;s activities.<\/p>\n<\/span><\/div><\/section>","protected":false},"excerpt":{"rendered":"","protected":false},"author":1,"featured_media":1088,"parent":1374,"menu_order":1,"comment_status":"closed","ping_status":"closed","template":"","meta":{"_exactmetrics_skip_tracking":false,"_exactmetrics_sitenote_active":false,"_exactmetrics_sitenote_note":"","_exactmetrics_sitenote_category":0},"acf":[],"yoast_head":"<!-- This site is optimized with the Yoast SEO plugin v21.8.1 - https:\/\/yoast.com\/wordpress\/plugins\/seo\/ -->\n<title>Solar Farm &#187; Grupo Cabrera<\/title>\n<meta name=\"robots\" content=\"index, follow, max-snippet:-1, max-image-preview:large, max-video-preview:-1\" \/>\n<link rel=\"canonical\" href=\"https:\/\/www.grupocabrera.com.br\/en\/sectors\/solar-farm\/\" \/>\n<meta property=\"og:locale\" content=\"en_US\" \/>\n<meta property=\"og:type\" content=\"article\" \/>\n<meta property=\"og:title\" content=\"Solar Farm &#187; Grupo Cabrera\" \/>\n<meta property=\"og:url\" content=\"https:\/\/www.grupocabrera.com.br\/en\/sectors\/solar-farm\/\" \/>\n<meta property=\"og:site_name\" content=\"Grupo Cabrera\" \/>\n<meta property=\"article:modified_time\" content=\"2023-03-31T20:57:20+00:00\" \/>\n<meta property=\"og:image\" content=\"https:\/\/www.grupocabrera.com.br\/wp-content\/uploads\/2020\/10\/page.png\" \/>\n\t<meta property=\"og:image:width\" content=\"900\" \/>\n\t<meta property=\"og:image:height\" content=\"900\" \/>\n\t<meta property=\"og:image:type\" content=\"image\/png\" \/>\n<meta name=\"twitter:card\" content=\"summary_large_image\" \/>\n<script type=\"application\/ld+json\" class=\"yoast-schema-graph\">{\"@context\":\"https:\/\/schema.org\",\"@graph\":[{\"@type\":\"WebPage\",\"@id\":\"https:\/\/www.grupocabrera.com.br\/en\/sectors\/solar-farm\/\",\"url\":\"https:\/\/www.grupocabrera.com.br\/en\/sectors\/solar-farm\/\",\"name\":\"Solar Farm &#187; Grupo Cabrera\",\"isPartOf\":{\"@id\":\"https:\/\/www.grupocabrera.com.br\/en\/#website\"},\"datePublished\":\"2023-03-30T04:19:39+00:00\",\"dateModified\":\"2023-03-31T20:57:20+00:00\",\"breadcrumb\":{\"@id\":\"https:\/\/www.grupocabrera.com.br\/en\/sectors\/solar-farm\/#breadcrumb\"},\"inLanguage\":\"en-US\",\"potentialAction\":[{\"@type\":\"ReadAction\",\"target\":[\"https:\/\/www.grupocabrera.com.br\/en\/sectors\/solar-farm\/\"]}]},{\"@type\":\"BreadcrumbList\",\"@id\":\"https:\/\/www.grupocabrera.com.br\/en\/sectors\/solar-farm\/#breadcrumb\",\"itemListElement\":[{\"@type\":\"ListItem\",\"position\":1,\"name\":\"Home\",\"item\":\"https:\/\/www.grupocabrera.com.br\/en\/\"},{\"@type\":\"ListItem\",\"position\":2,\"name\":\"Sectors\",\"item\":\"https:\/\/www.grupocabrera.com.br\/en\/sectors\/\"},{\"@type\":\"ListItem\",\"position\":3,\"name\":\"Solar Farm\"}]},{\"@type\":\"WebSite\",\"@id\":\"https:\/\/www.grupocabrera.com.br\/en\/#website\",\"url\":\"https:\/\/www.grupocabrera.com.br\/en\/\",\"name\":\"Grupo Cabrera\",\"description\":\"Agroneg\u00f3cio, Exporta\u00e7\u00e3o de gado e F\u00e1brica de pr\u00e9-moldados\",\"publisher\":{\"@id\":\"https:\/\/www.grupocabrera.com.br\/en\/#organization\"},\"potentialAction\":[{\"@type\":\"SearchAction\",\"target\":{\"@type\":\"EntryPoint\",\"urlTemplate\":\"https:\/\/www.grupocabrera.com.br\/en\/?s={search_term_string}\"},\"query-input\":\"required name=search_term_string\"}],\"inLanguage\":\"en-US\"},{\"@type\":\"Organization\",\"@id\":\"https:\/\/www.grupocabrera.com.br\/en\/#organization\",\"name\":\"Group Cabrera\",\"url\":\"https:\/\/www.grupocabrera.com.br\/en\/\",\"logo\":{\"@type\":\"ImageObject\",\"inLanguage\":\"en-US\",\"@id\":\"https:\/\/www.grupocabrera.com.br\/en\/#\/schema\/logo\/image\/\",\"url\":\"https:\/\/www.grupocabrera.com.br\/wp-content\/uploads\/2020\/10\/logo_grupo_cabrera_dark.png\",\"contentUrl\":\"https:\/\/www.grupocabrera.com.br\/wp-content\/uploads\/2020\/10\/logo_grupo_cabrera_dark.png\",\"width\":161,\"height\":58,\"caption\":\"Group Cabrera\"},\"image\":{\"@id\":\"https:\/\/www.grupocabrera.com.br\/en\/#\/schema\/logo\/image\/\"}}]}<\/script>\n<!-- \/ Yoast SEO plugin. -->","yoast_head_json":{"title":"Solar Farm &#187; Grupo Cabrera","robots":{"index":"index","follow":"follow","max-snippet":"max-snippet:-1","max-image-preview":"max-image-preview:large","max-video-preview":"max-video-preview:-1"},"canonical":"https:\/\/www.grupocabrera.com.br\/en\/sectors\/solar-farm\/","og_locale":"en_US","og_type":"article","og_title":"Solar Farm &#187; Grupo Cabrera","og_url":"https:\/\/www.grupocabrera.com.br\/en\/sectors\/solar-farm\/","og_site_name":"Grupo Cabrera","article_modified_time":"2023-03-31T20:57:20+00:00","og_image":[{"width":900,"height":900,"url":"https:\/\/www.grupocabrera.com.br\/wp-content\/uploads\/2020\/10\/page.png","type":"image\/png"}],"twitter_card":"summary_large_image","schema":{"@context":"https:\/\/schema.org","@graph":[{"@type":"WebPage","@id":"https:\/\/www.grupocabrera.com.br\/en\/sectors\/solar-farm\/","url":"https:\/\/www.grupocabrera.com.br\/en\/sectors\/solar-farm\/","name":"Solar Farm &#187; Grupo Cabrera","isPartOf":{"@id":"https:\/\/www.grupocabrera.com.br\/en\/#website"},"datePublished":"2023-03-30T04:19:39+00:00","dateModified":"2023-03-31T20:57:20+00:00","breadcrumb":{"@id":"https:\/\/www.grupocabrera.com.br\/en\/sectors\/solar-farm\/#breadcrumb"},"inLanguage":"en-US","potentialAction":[{"@type":"ReadAction","target":["https:\/\/www.grupocabrera.com.br\/en\/sectors\/solar-farm\/"]}]},{"@type":"BreadcrumbList","@id":"https:\/\/www.grupocabrera.com.br\/en\/sectors\/solar-farm\/#breadcrumb","itemListElement":[{"@type":"ListItem","position":1,"name":"Home","item":"https:\/\/www.grupocabrera.com.br\/en\/"},{"@type":"ListItem","position":2,"name":"Sectors","item":"https:\/\/www.grupocabrera.com.br\/en\/sectors\/"},{"@type":"ListItem","position":3,"name":"Solar Farm"}]},{"@type":"WebSite","@id":"https:\/\/www.grupocabrera.com.br\/en\/#website","url":"https:\/\/www.grupocabrera.com.br\/en\/","name":"Grupo Cabrera","description":"Agroneg\u00f3cio, Exporta\u00e7\u00e3o de gado e F\u00e1brica de pr\u00e9-moldados","publisher":{"@id":"https:\/\/www.grupocabrera.com.br\/en\/#organization"},"potentialAction":[{"@type":"SearchAction","target":{"@type":"EntryPoint","urlTemplate":"https:\/\/www.grupocabrera.com.br\/en\/?s={search_term_string}"},"query-input":"required name=search_term_string"}],"inLanguage":"en-US"},{"@type":"Organization","@id":"https:\/\/www.grupocabrera.com.br\/en\/#organization","name":"Group Cabrera","url":"https:\/\/www.grupocabrera.com.br\/en\/","logo":{"@type":"ImageObject","inLanguage":"en-US","@id":"https:\/\/www.grupocabrera.com.br\/en\/#\/schema\/logo\/image\/","url":"https:\/\/www.grupocabrera.com.br\/wp-content\/uploads\/2020\/10\/logo_grupo_cabrera_dark.png","contentUrl":"https:\/\/www.grupocabrera.com.br\/wp-content\/uploads\/2020\/10\/logo_grupo_cabrera_dark.png","width":161,"height":58,"caption":"Group Cabrera"},"image":{"@id":"https:\/\/www.grupocabrera.com.br\/en\/#\/schema\/logo\/image\/"}}]}},"_links":{"self":[{"href":"https:\/\/www.grupocabrera.com.br\/en\/wp-json\/wp\/v2\/pages\/2401"}],"collection":[{"href":"https:\/\/www.grupocabrera.com.br\/en\/wp-json\/wp\/v2\/pages"}],"about":[{"href":"https:\/\/www.grupocabrera.com.br\/en\/wp-json\/wp\/v2\/types\/page"}],"author":[{"embeddable":true,"href":"https:\/\/www.grupocabrera.com.br\/en\/wp-json\/wp\/v2\/users\/1"}],"replies":[{"embeddable":true,"href":"https:\/\/www.grupocabrera.com.br\/en\/wp-json\/wp\/v2\/comments?post=2401"}],"version-history":[{"count":4,"href":"https:\/\/www.grupocabrera.com.br\/en\/wp-json\/wp\/v2\/pages\/2401\/revisions"}],"predecessor-version":[{"id":2447,"href":"https:\/\/www.grupocabrera.com.br\/en\/wp-json\/wp\/v2\/pages\/2401\/revisions\/2447"}],"up":[{"embeddable":true,"href":"https:\/\/www.grupocabrera.com.br\/en\/wp-json\/wp\/v2\/pages\/1374"}],"wp:featuredmedia":[{"embeddable":true,"href":"https:\/\/www.grupocabrera.com.br\/en\/wp-json\/wp\/v2\/media\/1088"}],"wp:attachment":[{"href":"https:\/\/www.grupocabrera.com.br\/en\/wp-json\/wp\/v2\/media?parent=2401"}],"curies":[{"name":"wp","href":"https:\/\/api.w.org\/{rel}","templated":true}]}}