{"id":1389,"date":"2021-03-11T21:55:49","date_gmt":"2021-03-12T00:55:49","guid":{"rendered":"https:\/\/www.grupocabrera.com.br\/?page_id=1389"},"modified":"2021-03-11T21:55:51","modified_gmt":"2021-03-12T00:55:51","slug":"social-action","status":"publish","type":"page","link":"https:\/\/www.grupocabrera.com.br\/en\/social-action\/","title":{"rendered":"Social Action"},"content":{"rendered":"<section id=\"block_5fdebe389b29e\" class=\"row row_ban_internal bg-none bg-fill-full  \" data-aos=\"fade-up\" data-aos-delay=\"100\" >\n          <div class=\"line     line-banner -internal -page-title -mask -full \" style=\" max-height:550px; \">\n      <span class=\"wrap-img img-item\" style=\"\">\n        <picture class=\"wrap-cover\">\n          <source media=\"(max-width: 991px)\" srcset=\"https:\/\/www.grupocabrera.com.br\/wp-content\/uploads\/2020\/12\/banner-interno-social-1024x293.jpg\">\n          <img decoding=\"async\" src=\"https:\/\/www.grupocabrera.com.br\/wp-content\/uploads\/2020\/12\/banner-interno-social.jpg\" alt=\"\">\n        <\/picture>\n      <\/span>\n    <span  class=\"wrap-content  -center\" \n                                                                          ><nav class=\"wrap-beadcrumb\" role=\"menu\"><span><span><a href=\"https:\/\/www.grupocabrera.com.br\/en\/\"><i class=\"far fa-home\"><\/i> Home<\/a><\/span><\/span><\/nav><span class=\"col-12 wrap-titles \"><h2 style=\"text-align: center;\">Social Action<\/h2><\/span><\/span><span class=\"arrow-divider\"><i class=\"far fa-arrow-down\"><\/i><\/span><\/div><\/section>\n\n<section id=\"block_5fdebec89b29f\" class=\"row row_text bg-none   \" data-aos=\"fade-up\" data-aos-delay=\"100\" >\n          <div class=\"line top-space-large bottom-space-minor   \"><span  class=\"col-12 wrap-content one-column -left\" \n                                                                           style=\"max-width:80%; margin-left:auto; margin-right:auto;\"><p style=\"text-align: center;\">Grupo Cabrera believes that hardest than producing food or building bridges is transforming lives. And this role was given by God to people and not to the State. Therefore, we have a great social concern with the care of the neediest.<\/p>\n<p style=\"text-align: center;\">We look at an underprivileged person not as someone who just needs help, but as a source of talent and skills to building a more prosperous society.<\/p>\n<p style=\"text-align: center;\"> In this way, we are present in several social assistance projects in Brazil and around the world. One of them is the \u201cMiss\u00e3o Vida\u201d, a project that offers street dwellers the opportunity of social reintegration based on Christian principles and human dignity. \u201cWatch the video\u201d.<\/p>\n<\/span><\/div><\/section>\n\n<section id=\"block_6033f956dc8d8\" class=\"row row_gallery_video    \" data-aos=\"fade-up\" data-aos-delay=\"100\" >\n          <div class=\"line top-space-none bottom-space-medium  grid-destaque \">\n        <div class=\"col-12 wrap-gallery -videos grid-destaque\">\n      <a data-fancybox href=\"https:\/\/www.youtube.com\/watch?v=EeBZ8oN0lE0\" title=\"Ver v\u00eddeo\" class=\"col-12 video-destaque video-item video-item-1 btn-video \" style=\"min-height:px; \">\n      <span class=\"wrap-img img-item -youtube\" style=\"\">\n        <picture class=\"wrap-cover\">\n          <source media=\"(max-width: 991px)\" srcset=\"https:\/\/img.youtube.com\/vi\/EeBZ8oN0lE0\/hqdefault.jpg\">\n          <img decoding=\"async\" src=\"https:\/\/img.youtube.com\/vi\/EeBZ8oN0lE0\/maxresdefault.jpg\" alt=\"\">\n        <\/picture>\n      <\/span>\n    <\/a><\/div><\/section>","protected":false},"excerpt":{"rendered":"","protected":false},"author":1,"featured_media":0,"parent":0,"menu_order":9,"comment_status":"closed","ping_status":"closed","template":"","meta":{"_exactmetrics_skip_tracking":false,"_exactmetrics_sitenote_active":false,"_exactmetrics_sitenote_note":"","_exactmetrics_sitenote_category":0},"acf":[],"yoast_head":"<!-- This site is optimized with the Yoast SEO plugin v21.8.1 - https:\/\/yoast.com\/wordpress\/plugins\/seo\/ -->\n<title>Social Action &#187; Grupo Cabrera<\/title>\n<meta name=\"robots\" content=\"index, follow, max-snippet:-1, max-image-preview:large, max-video-preview:-1\" \/>\n<link rel=\"canonical\" href=\"https:\/\/www.grupocabrera.com.br\/en\/social-action\/\" \/>\n<meta property=\"og:locale\" content=\"en_US\" \/>\n<meta property=\"og:type\" content=\"article\" \/>\n<meta property=\"og:title\" content=\"Social Action &#187; Grupo Cabrera\" \/>\n<meta property=\"og:url\" content=\"https:\/\/www.grupocabrera.com.br\/en\/social-action\/\" \/>\n<meta property=\"og:site_name\" content=\"Grupo Cabrera\" \/>\n<meta property=\"article:modified_time\" content=\"2021-03-12T00:55:51+00:00\" \/>\n<meta property=\"og:image\" content=\"https:\/\/www.grupocabrera.com.br\/wp-content\/uploads\/2020\/10\/seo-facebook.png\" \/>\n\t<meta property=\"og:image:width\" content=\"1200\" \/>\n\t<meta property=\"og:image:height\" content=\"630\" \/>\n\t<meta property=\"og:image:type\" content=\"image\/png\" \/>\n<meta name=\"twitter:card\" content=\"summary_large_image\" \/>\n<script type=\"application\/ld+json\" class=\"yoast-schema-graph\">{\"@context\":\"https:\/\/schema.org\",\"@graph\":[{\"@type\":\"WebPage\",\"@id\":\"https:\/\/www.grupocabrera.com.br\/en\/social-action\/\",\"url\":\"https:\/\/www.grupocabrera.com.br\/en\/social-action\/\",\"name\":\"Social Action &#187; Grupo Cabrera\",\"isPartOf\":{\"@id\":\"https:\/\/www.grupocabrera.com.br\/en\/#website\"},\"datePublished\":\"2021-03-12T00:55:49+00:00\",\"dateModified\":\"2021-03-12T00:55:51+00:00\",\"breadcrumb\":{\"@id\":\"https:\/\/www.grupocabrera.com.br\/en\/social-action\/#breadcrumb\"},\"inLanguage\":\"en-US\",\"potentialAction\":[{\"@type\":\"ReadAction\",\"target\":[\"https:\/\/www.grupocabrera.com.br\/en\/social-action\/\"]}]},{\"@type\":\"BreadcrumbList\",\"@id\":\"https:\/\/www.grupocabrera.com.br\/en\/social-action\/#breadcrumb\",\"itemListElement\":[{\"@type\":\"ListItem\",\"position\":1,\"name\":\"Home\",\"item\":\"https:\/\/www.grupocabrera.com.br\/en\/\"},{\"@type\":\"ListItem\",\"position\":2,\"name\":\"Social Action\"}]},{\"@type\":\"WebSite\",\"@id\":\"https:\/\/www.grupocabrera.com.br\/en\/#website\",\"url\":\"https:\/\/www.grupocabrera.com.br\/en\/\",\"name\":\"Grupo Cabrera\",\"description\":\"Agroneg\u00f3cio, Exporta\u00e7\u00e3o de gado e F\u00e1brica de pr\u00e9-moldados\",\"publisher\":{\"@id\":\"https:\/\/www.grupocabrera.com.br\/en\/#organization\"},\"potentialAction\":[{\"@type\":\"SearchAction\",\"target\":{\"@type\":\"EntryPoint\",\"urlTemplate\":\"https:\/\/www.grupocabrera.com.br\/en\/?s={search_term_string}\"},\"query-input\":\"required name=search_term_string\"}],\"inLanguage\":\"en-US\"},{\"@type\":\"Organization\",\"@id\":\"https:\/\/www.grupocabrera.com.br\/en\/#organization\",\"name\":\"Group Cabrera\",\"url\":\"https:\/\/www.grupocabrera.com.br\/en\/\",\"logo\":{\"@type\":\"ImageObject\",\"inLanguage\":\"en-US\",\"@id\":\"https:\/\/www.grupocabrera.com.br\/en\/#\/schema\/logo\/image\/\",\"url\":\"https:\/\/www.grupocabrera.com.br\/wp-content\/uploads\/2020\/10\/logo_grupo_cabrera_dark.png\",\"contentUrl\":\"https:\/\/www.grupocabrera.com.br\/wp-content\/uploads\/2020\/10\/logo_grupo_cabrera_dark.png\",\"width\":161,\"height\":58,\"caption\":\"Group Cabrera\"},\"image\":{\"@id\":\"https:\/\/www.grupocabrera.com.br\/en\/#\/schema\/logo\/image\/\"}}]}<\/script>\n<!-- \/ Yoast SEO plugin. -->","yoast_head_json":{"title":"Social Action &#187; Grupo Cabrera","robots":{"index":"index","follow":"follow","max-snippet":"max-snippet:-1","max-image-preview":"max-image-preview:large","max-video-preview":"max-video-preview:-1"},"canonical":"https:\/\/www.grupocabrera.com.br\/en\/social-action\/","og_locale":"en_US","og_type":"article","og_title":"Social Action &#187; Grupo Cabrera","og_url":"https:\/\/www.grupocabrera.com.br\/en\/social-action\/","og_site_name":"Grupo Cabrera","article_modified_time":"2021-03-12T00:55:51+00:00","og_image":[{"width":1200,"height":630,"url":"https:\/\/www.grupocabrera.com.br\/wp-content\/uploads\/2020\/10\/seo-facebook.png","type":"image\/png"}],"twitter_card":"summary_large_image","schema":{"@context":"https:\/\/schema.org","@graph":[{"@type":"WebPage","@id":"https:\/\/www.grupocabrera.com.br\/en\/social-action\/","url":"https:\/\/www.grupocabrera.com.br\/en\/social-action\/","name":"Social Action &#187; Grupo Cabrera","isPartOf":{"@id":"https:\/\/www.grupocabrera.com.br\/en\/#website"},"datePublished":"2021-03-12T00:55:49+00:00","dateModified":"2021-03-12T00:55:51+00:00","breadcrumb":{"@id":"https:\/\/www.grupocabrera.com.br\/en\/social-action\/#breadcrumb"},"inLanguage":"en-US","potentialAction":[{"@type":"ReadAction","target":["https:\/\/www.grupocabrera.com.br\/en\/social-action\/"]}]},{"@type":"BreadcrumbList","@id":"https:\/\/www.grupocabrera.com.br\/en\/social-action\/#breadcrumb","itemListElement":[{"@type":"ListItem","position":1,"name":"Home","item":"https:\/\/www.grupocabrera.com.br\/en\/"},{"@type":"ListItem","position":2,"name":"Social Action"}]},{"@type":"WebSite","@id":"https:\/\/www.grupocabrera.com.br\/en\/#website","url":"https:\/\/www.grupocabrera.com.br\/en\/","name":"Grupo Cabrera","description":"Agroneg\u00f3cio, Exporta\u00e7\u00e3o de gado e F\u00e1brica de pr\u00e9-moldados","publisher":{"@id":"https:\/\/www.grupocabrera.com.br\/en\/#organization"},"potentialAction":[{"@type":"SearchAction","target":{"@type":"EntryPoint","urlTemplate":"https:\/\/www.grupocabrera.com.br\/en\/?s={search_term_string}"},"query-input":"required name=search_term_string"}],"inLanguage":"en-US"},{"@type":"Organization","@id":"https:\/\/www.grupocabrera.com.br\/en\/#organization","name":"Group Cabrera","url":"https:\/\/www.grupocabrera.com.br\/en\/","logo":{"@type":"ImageObject","inLanguage":"en-US","@id":"https:\/\/www.grupocabrera.com.br\/en\/#\/schema\/logo\/image\/","url":"https:\/\/www.grupocabrera.com.br\/wp-content\/uploads\/2020\/10\/logo_grupo_cabrera_dark.png","contentUrl":"https:\/\/www.grupocabrera.com.br\/wp-content\/uploads\/2020\/10\/logo_grupo_cabrera_dark.png","width":161,"height":58,"caption":"Group Cabrera"},"image":{"@id":"https:\/\/www.grupocabrera.com.br\/en\/#\/schema\/logo\/image\/"}}]}},"_links":{"self":[{"href":"https:\/\/www.grupocabrera.com.br\/en\/wp-json\/wp\/v2\/pages\/1389"}],"collection":[{"href":"https:\/\/www.grupocabrera.com.br\/en\/wp-json\/wp\/v2\/pages"}],"about":[{"href":"https:\/\/www.grupocabrera.com.br\/en\/wp-json\/wp\/v2\/types\/page"}],"author":[{"embeddable":true,"href":"https:\/\/www.grupocabrera.com.br\/en\/wp-json\/wp\/v2\/users\/1"}],"replies":[{"embeddable":true,"href":"https:\/\/www.grupocabrera.com.br\/en\/wp-json\/wp\/v2\/comments?post=1389"}],"version-history":[{"count":2,"href":"https:\/\/www.grupocabrera.com.br\/en\/wp-json\/wp\/v2\/pages\/1389\/revisions"}],"predecessor-version":[{"id":1391,"href":"https:\/\/www.grupocabrera.com.br\/en\/wp-json\/wp\/v2\/pages\/1389\/revisions\/1391"}],"wp:attachment":[{"href":"https:\/\/www.grupocabrera.com.br\/en\/wp-json\/wp\/v2\/media?parent=1389"}],"curies":[{"name":"wp","href":"https:\/\/api.w.org\/{rel}","templated":true}]}}