{"id":1382,"date":"2021-03-11T21:47:17","date_gmt":"2021-03-12T00:47:17","guid":{"rendered":"https:\/\/www.grupocabrera.com.br\/?page_id=1382"},"modified":"2021-03-11T21:47:20","modified_gmt":"2021-03-12T00:47:20","slug":"agribusiness","status":"publish","type":"page","link":"https:\/\/www.grupocabrera.com.br\/en\/sectors\/agribusiness\/","title":{"rendered":"Agribusiness"},"content":{"rendered":"<section id=\"block_5f8a1cd725a31\" class=\"row row_ban_internal bg-none bg-fill-full  \" data-aos=\"fade-up\" data-aos-delay=\"100\" >\n          <div class=\"line     line-banner -internal -page-title -mask -full \" style=\" max-height:376px; \">\n      <span class=\"wrap-img img-item\" style=\"\">\n        <picture class=\"wrap-cover\">\n          <source media=\"(max-width: 991px)\" srcset=\"https:\/\/www.grupocabrera.com.br\/wp-content\/uploads\/2020\/10\/foto-agronegocio-min-1024x337.jpg\">\n          <img decoding=\"async\" src=\"https:\/\/www.grupocabrera.com.br\/wp-content\/uploads\/2020\/10\/foto-agronegocio-min.jpg\" alt=\"\">\n        <\/picture>\n      <\/span>\n    <span  class=\"wrap-content  -center\" \n                                                                          ><nav class=\"wrap-beadcrumb\" role=\"menu\"><span><span><a href=\"https:\/\/www.grupocabrera.com.br\/en\/\"><i class=\"far fa-home\"><\/i> Home<\/a><\/span><\/span><\/nav><span class=\"col-12 wrap-titles \"><h2 style=\"text-align: center;\">Agribusiness<\/h2><\/span><\/span><span class=\"arrow-divider\"><i class=\"far fa-arrow-down\"><\/i><\/span><\/div><\/section>\n\n<section id=\"block_5f8a1d1425a32\" class=\"row row_text bg-none   \" data-aos=\"fade-up\" data-aos-delay=\"100\" >\n          <div class=\"line top-space-large bottom-space-minor   \"><span  class=\"col-12 wrap-content one-column -left\" \n                                                                           style=\"max-width:80%; margin-left:auto; margin-right:auto;\"><p style=\"text-align: center;\">Grupo Cabrera is a producer of Soy, Corn, Sugarcane and Beef in several Brazilian states. All our food production is in accordance with the Federal Forest Code, respecting the environment.<\/p>\n<p style=\"text-align: center;\">We practice knowledge-based farming, using new technologies that aim at the well-being of our employees and preserving the environment.<\/p>\n<\/span><\/div><\/section>\n\n\n<section id=\"block_5f8b9bcb528a2\" class=\"row row_products bg-none bg-fill-full  \" data-aos=\"fade-up\" data-aos-delay=\"100\" >\n          <div class=\"line top-space-large bottom-space-minor  grid-col-3 \"><span class=\"col-12 wrap-titles -left \"><span class=\"subtitle -top\">What we produce<\/span><\/span><span class=\"container wrap-cards grid-col-3\"><span class=\"col-3 wrap-item item-img item-1\">\n      <span class=\"wrap-img img-item\" style=\"\">\n        <picture class=\"wrap-cover\">\n          <source media=\"(max-width: 991px)\" srcset=\"https:\/\/www.grupocabrera.com.br\/wp-content\/uploads\/2020\/10\/produto-agronegocio-04-min.jpg\">\n          <img decoding=\"async\" src=\"https:\/\/www.grupocabrera.com.br\/wp-content\/uploads\/2020\/10\/produto-agronegocio-04-min.jpg\" alt=\"\">\n        <\/picture>\n      <\/span>\n    <span  class=\"wrap-content  -left\" \n                                                                          ><span class=\"col-12 wrap-titles \"><h3>Soy<\/h3><\/span><\/span><\/span><span class=\"col-3 wrap-item item-img item-2\">\n      <span class=\"wrap-img img-item\" style=\"\">\n        <picture class=\"wrap-cover\">\n          <source media=\"(max-width: 991px)\" srcset=\"https:\/\/www.grupocabrera.com.br\/wp-content\/uploads\/2020\/10\/produto-agronegocio-03-min.jpg\">\n          <img decoding=\"async\" src=\"https:\/\/www.grupocabrera.com.br\/wp-content\/uploads\/2020\/10\/produto-agronegocio-03-min.jpg\" alt=\"\">\n        <\/picture>\n      <\/span>\n    <span  class=\"wrap-content  -left\" \n                                                                          ><span class=\"col-12 wrap-titles \"><h3>Corn<\/h3><\/span><\/span><\/span><span class=\"col-3 wrap-item item-img item-3\">\n      <span class=\"wrap-img img-item\" style=\"\">\n        <picture class=\"wrap-cover\">\n          <source media=\"(max-width: 991px)\" srcset=\"https:\/\/www.grupocabrera.com.br\/wp-content\/uploads\/2020\/10\/produto-agronegocio-02-min.jpg\">\n          <img decoding=\"async\" src=\"https:\/\/www.grupocabrera.com.br\/wp-content\/uploads\/2020\/10\/produto-agronegocio-02-min.jpg\" alt=\"\">\n        <\/picture>\n      <\/span>\n    <span  class=\"wrap-content  -left\" \n                                                                          ><span class=\"col-12 wrap-titles \"><h3>Sugar cane<\/h3><\/span><\/span><\/span><span class=\"col-3 wrap-item item-img item-4\">\n      <span class=\"wrap-img img-item\" style=\"\">\n        <picture class=\"wrap-cover\">\n          <source media=\"(max-width: 991px)\" srcset=\"https:\/\/www.grupocabrera.com.br\/wp-content\/uploads\/2020\/10\/produto-agronegocio-01-min.jpg\">\n          <img decoding=\"async\" src=\"https:\/\/www.grupocabrera.com.br\/wp-content\/uploads\/2020\/10\/produto-agronegocio-01-min.jpg\" alt=\"\">\n        <\/picture>\n      <\/span>\n    <span  class=\"wrap-content  -left\" \n                                                                          ><span class=\"col-12 wrap-titles \"><h3>Livestock<\/h3><\/span><\/span><\/span><\/span><\/div><\/section>\n\n<section id=\"block_602ff9edbf0ae\" class=\"row row_gallery_video    \" data-aos=\"fade-up\" data-aos-delay=\"100\" >\n          <div class=\"line top-space-minor bottom-space-minor  grid-destaque \"><span class=\"col-12 wrap-titles -left \"><span class=\"subtitle -top\">Video<\/span><\/span>\n        <div class=\"col-12 wrap-gallery -videos grid-destaque\">\n      <a data-fancybox href=\"https:\/\/vimeo.com\/520367597\" title=\"Ver v\u00eddeo\" class=\"col-12 video-destaque video-item video-item-1 btn-video \" style=\"min-height:px; \">\n      <span class=\"wrap-img img-item\" style=\"\">\n        <picture class=\"wrap-cover\">\n          <source media=\"(max-width: 991px)\" srcset=\"https:\/\/www.grupocabrera.com.br\/wp-content\/uploads\/2021\/02\/agronegocio-ft-08-1024x576.jpg\">\n          <img decoding=\"async\" src=\"https:\/\/www.grupocabrera.com.br\/wp-content\/uploads\/2021\/02\/agronegocio-ft-08.jpg\" alt=\"\">\n        <\/picture>\n      <\/span>\n    <\/a><\/div><\/section>\n\n<section id=\"block_5f8a1e4825a3d\" class=\"row row_gallery_img    \" data-aos=\"fade-up\" data-aos-delay=\"100\" >\n          <div class=\"line top-space-minor bottom-space-none  grid-col-4 -full \"><span class=\"col-12 wrap-titles -left \"><span class=\"subtitle -top\">Gallery<\/span><\/span><div class=\"col-12 wrap-gallery -img grid-col-4\"><a class=\"col-4 img-thumb img-thumb-1 \" href=\"https:\/\/www.grupocabrera.com.br\/wp-content\/uploads\/2021\/02\/agronegocio-ft-01.jpg\" style=\"min-height:160px; \"data-fancybox=\"gallery-block_5f8a1e4825a3d\" data-caption=\"\" title=\"Ampliar imagem\" >\n      <span class=\"wrap-img img-item\" style=\"\">\n        <picture class=\"wrap-cover\">\n          <source media=\"(max-width: 991px)\" srcset=\"https:\/\/www.grupocabrera.com.br\/wp-content\/uploads\/2021\/02\/agronegocio-ft-01-1024x698.jpg\">\n          <img decoding=\"async\" src=\"https:\/\/www.grupocabrera.com.br\/wp-content\/uploads\/2021\/02\/agronegocio-ft-01.jpg\" alt=\"\">\n        <\/picture>\n      <\/span>\n    <span class=\"wrap-content\"><span class=\"legend\"><\/span><\/span><\/a><\/a><a class=\"col-4 img-thumb img-thumb-2 \" href=\"https:\/\/www.grupocabrera.com.br\/wp-content\/uploads\/2021\/02\/agronegocio-ft-02.jpg\" style=\"min-height:160px; \"data-fancybox=\"gallery-block_5f8a1e4825a3d\" data-caption=\"\" title=\"Ampliar imagem\" >\n      <span class=\"wrap-img img-item\" style=\"\">\n        <picture class=\"wrap-cover\">\n          <source media=\"(max-width: 991px)\" srcset=\"https:\/\/www.grupocabrera.com.br\/wp-content\/uploads\/2021\/02\/agronegocio-ft-02-1024x693.jpg\">\n          <img decoding=\"async\" src=\"https:\/\/www.grupocabrera.com.br\/wp-content\/uploads\/2021\/02\/agronegocio-ft-02.jpg\" alt=\"\">\n        <\/picture>\n      <\/span>\n    <span class=\"wrap-content\"><span class=\"legend\"><\/span><\/span><\/a><\/a><a class=\"col-4 img-thumb img-thumb-3 \" href=\"https:\/\/www.grupocabrera.com.br\/wp-content\/uploads\/2021\/02\/agronegocio-ft-04.jpg\" style=\"min-height:160px; \"data-fancybox=\"gallery-block_5f8a1e4825a3d\" data-caption=\"\" title=\"Ampliar imagem\" >\n      <span class=\"wrap-img img-item\" style=\"\">\n        <picture class=\"wrap-cover\">\n          <source media=\"(max-width: 991px)\" srcset=\"https:\/\/www.grupocabrera.com.br\/wp-content\/uploads\/2021\/02\/agronegocio-ft-04-1024x689.jpg\">\n          <img decoding=\"async\" src=\"https:\/\/www.grupocabrera.com.br\/wp-content\/uploads\/2021\/02\/agronegocio-ft-04.jpg\" alt=\"\">\n        <\/picture>\n      <\/span>\n    <span class=\"wrap-content\"><span class=\"legend\"><\/span><\/span><\/a><\/a><a class=\"col-4 img-thumb img-thumb-4 \" href=\"https:\/\/www.grupocabrera.com.br\/wp-content\/uploads\/2021\/02\/agronegocio-ft-06.jpg\" style=\"min-height:160px; \"data-fancybox=\"gallery-block_5f8a1e4825a3d\" data-caption=\"\" title=\"Ampliar imagem\" >\n      <span class=\"wrap-img img-item\" style=\"\">\n        <picture class=\"wrap-cover\">\n          <source media=\"(max-width: 991px)\" srcset=\"https:\/\/www.grupocabrera.com.br\/wp-content\/uploads\/2021\/02\/agronegocio-ft-06-1024x768.jpg\">\n          <img decoding=\"async\" src=\"https:\/\/www.grupocabrera.com.br\/wp-content\/uploads\/2021\/02\/agronegocio-ft-06.jpg\" alt=\"\">\n        <\/picture>\n      <\/span>\n    <span class=\"wrap-content\"><span class=\"legend\"><\/span><\/span><\/a><\/a><a class=\"col-4 img-thumb img-thumb-5 \" href=\"https:\/\/www.grupocabrera.com.br\/wp-content\/uploads\/2021\/02\/agronegocio-ft-08.jpg\" style=\"min-height:160px; \"data-fancybox=\"gallery-block_5f8a1e4825a3d\" data-caption=\"\" title=\"Ampliar imagem\" >\n      <span class=\"wrap-img img-item\" style=\"\">\n        <picture class=\"wrap-cover\">\n          <source media=\"(max-width: 991px)\" srcset=\"https:\/\/www.grupocabrera.com.br\/wp-content\/uploads\/2021\/02\/agronegocio-ft-08-1024x576.jpg\">\n          <img decoding=\"async\" src=\"https:\/\/www.grupocabrera.com.br\/wp-content\/uploads\/2021\/02\/agronegocio-ft-08.jpg\" alt=\"\">\n        <\/picture>\n      <\/span>\n    <span class=\"wrap-content\"><span class=\"legend\"><\/span><\/span><\/a><\/a><a class=\"col-4 img-thumb img-thumb-6 \" href=\"https:\/\/www.grupocabrera.com.br\/wp-content\/uploads\/2021\/02\/agronegocio-ft-09.jpg\" style=\"min-height:160px; \"data-fancybox=\"gallery-block_5f8a1e4825a3d\" data-caption=\"\" title=\"Ampliar imagem\" >\n      <span class=\"wrap-img img-item\" style=\"\">\n        <picture class=\"wrap-cover\">\n          <source media=\"(max-width: 991px)\" srcset=\"https:\/\/www.grupocabrera.com.br\/wp-content\/uploads\/2021\/02\/agronegocio-ft-09-1024x576.jpg\">\n          <img decoding=\"async\" src=\"https:\/\/www.grupocabrera.com.br\/wp-content\/uploads\/2021\/02\/agronegocio-ft-09.jpg\" alt=\"\">\n        <\/picture>\n      <\/span>\n    <span class=\"wrap-content\"><span class=\"legend\"><\/span><\/span><\/a><\/a><\/div><\/section>","protected":false},"excerpt":{"rendered":"","protected":false},"author":1,"featured_media":0,"parent":1374,"menu_order":2,"comment_status":"closed","ping_status":"closed","template":"","meta":{"_exactmetrics_skip_tracking":false,"_exactmetrics_sitenote_active":false,"_exactmetrics_sitenote_note":"","_exactmetrics_sitenote_category":0},"acf":[],"yoast_head":"<!-- This site is optimized with the Yoast SEO plugin v21.8.1 - https:\/\/yoast.com\/wordpress\/plugins\/seo\/ -->\n<title>Agribusiness &#187; Grupo Cabrera<\/title>\n<meta name=\"robots\" content=\"index, follow, max-snippet:-1, max-image-preview:large, max-video-preview:-1\" \/>\n<link rel=\"canonical\" href=\"https:\/\/www.grupocabrera.com.br\/en\/sectors\/agribusiness\/\" \/>\n<meta property=\"og:locale\" content=\"en_US\" \/>\n<meta property=\"og:type\" content=\"article\" \/>\n<meta property=\"og:title\" content=\"Agribusiness &#187; Grupo Cabrera\" \/>\n<meta property=\"og:url\" content=\"https:\/\/www.grupocabrera.com.br\/en\/sectors\/agribusiness\/\" \/>\n<meta property=\"og:site_name\" content=\"Grupo Cabrera\" \/>\n<meta property=\"article:modified_time\" content=\"2021-03-12T00:47:20+00:00\" \/>\n<meta property=\"og:image\" content=\"https:\/\/www.grupocabrera.com.br\/wp-content\/uploads\/2020\/10\/seo-facebook.png\" \/>\n\t<meta property=\"og:image:width\" content=\"1200\" \/>\n\t<meta property=\"og:image:height\" content=\"630\" \/>\n\t<meta property=\"og:image:type\" content=\"image\/png\" \/>\n<meta name=\"twitter:card\" content=\"summary_large_image\" \/>\n<script type=\"application\/ld+json\" class=\"yoast-schema-graph\">{\"@context\":\"https:\/\/schema.org\",\"@graph\":[{\"@type\":\"WebPage\",\"@id\":\"https:\/\/www.grupocabrera.com.br\/en\/sectors\/agribusiness\/\",\"url\":\"https:\/\/www.grupocabrera.com.br\/en\/sectors\/agribusiness\/\",\"name\":\"Agribusiness &#187; Grupo Cabrera\",\"isPartOf\":{\"@id\":\"https:\/\/www.grupocabrera.com.br\/en\/#website\"},\"datePublished\":\"2021-03-12T00:47:17+00:00\",\"dateModified\":\"2021-03-12T00:47:20+00:00\",\"breadcrumb\":{\"@id\":\"https:\/\/www.grupocabrera.com.br\/en\/sectors\/agribusiness\/#breadcrumb\"},\"inLanguage\":\"en-US\",\"potentialAction\":[{\"@type\":\"ReadAction\",\"target\":[\"https:\/\/www.grupocabrera.com.br\/en\/sectors\/agribusiness\/\"]}]},{\"@type\":\"BreadcrumbList\",\"@id\":\"https:\/\/www.grupocabrera.com.br\/en\/sectors\/agribusiness\/#breadcrumb\",\"itemListElement\":[{\"@type\":\"ListItem\",\"position\":1,\"name\":\"Home\",\"item\":\"https:\/\/www.grupocabrera.com.br\/en\/\"},{\"@type\":\"ListItem\",\"position\":2,\"name\":\"Sectors\",\"item\":\"https:\/\/www.grupocabrera.com.br\/en\/sectors\/\"},{\"@type\":\"ListItem\",\"position\":3,\"name\":\"Agribusiness\"}]},{\"@type\":\"WebSite\",\"@id\":\"https:\/\/www.grupocabrera.com.br\/en\/#website\",\"url\":\"https:\/\/www.grupocabrera.com.br\/en\/\",\"name\":\"Grupo Cabrera\",\"description\":\"Agroneg\u00f3cio, Exporta\u00e7\u00e3o de gado e F\u00e1brica de pr\u00e9-moldados\",\"publisher\":{\"@id\":\"https:\/\/www.grupocabrera.com.br\/en\/#organization\"},\"potentialAction\":[{\"@type\":\"SearchAction\",\"target\":{\"@type\":\"EntryPoint\",\"urlTemplate\":\"https:\/\/www.grupocabrera.com.br\/en\/?s={search_term_string}\"},\"query-input\":\"required name=search_term_string\"}],\"inLanguage\":\"en-US\"},{\"@type\":\"Organization\",\"@id\":\"https:\/\/www.grupocabrera.com.br\/en\/#organization\",\"name\":\"Group Cabrera\",\"url\":\"https:\/\/www.grupocabrera.com.br\/en\/\",\"logo\":{\"@type\":\"ImageObject\",\"inLanguage\":\"en-US\",\"@id\":\"https:\/\/www.grupocabrera.com.br\/en\/#\/schema\/logo\/image\/\",\"url\":\"https:\/\/www.grupocabrera.com.br\/wp-content\/uploads\/2020\/10\/logo_grupo_cabrera_dark.png\",\"contentUrl\":\"https:\/\/www.grupocabrera.com.br\/wp-content\/uploads\/2020\/10\/logo_grupo_cabrera_dark.png\",\"width\":161,\"height\":58,\"caption\":\"Group Cabrera\"},\"image\":{\"@id\":\"https:\/\/www.grupocabrera.com.br\/en\/#\/schema\/logo\/image\/\"}}]}<\/script>\n<!-- \/ Yoast SEO plugin. -->","yoast_head_json":{"title":"Agribusiness &#187; Grupo Cabrera","robots":{"index":"index","follow":"follow","max-snippet":"max-snippet:-1","max-image-preview":"max-image-preview:large","max-video-preview":"max-video-preview:-1"},"canonical":"https:\/\/www.grupocabrera.com.br\/en\/sectors\/agribusiness\/","og_locale":"en_US","og_type":"article","og_title":"Agribusiness &#187; Grupo Cabrera","og_url":"https:\/\/www.grupocabrera.com.br\/en\/sectors\/agribusiness\/","og_site_name":"Grupo Cabrera","article_modified_time":"2021-03-12T00:47:20+00:00","og_image":[{"width":1200,"height":630,"url":"https:\/\/www.grupocabrera.com.br\/wp-content\/uploads\/2020\/10\/seo-facebook.png","type":"image\/png"}],"twitter_card":"summary_large_image","schema":{"@context":"https:\/\/schema.org","@graph":[{"@type":"WebPage","@id":"https:\/\/www.grupocabrera.com.br\/en\/sectors\/agribusiness\/","url":"https:\/\/www.grupocabrera.com.br\/en\/sectors\/agribusiness\/","name":"Agribusiness &#187; Grupo Cabrera","isPartOf":{"@id":"https:\/\/www.grupocabrera.com.br\/en\/#website"},"datePublished":"2021-03-12T00:47:17+00:00","dateModified":"2021-03-12T00:47:20+00:00","breadcrumb":{"@id":"https:\/\/www.grupocabrera.com.br\/en\/sectors\/agribusiness\/#breadcrumb"},"inLanguage":"en-US","potentialAction":[{"@type":"ReadAction","target":["https:\/\/www.grupocabrera.com.br\/en\/sectors\/agribusiness\/"]}]},{"@type":"BreadcrumbList","@id":"https:\/\/www.grupocabrera.com.br\/en\/sectors\/agribusiness\/#breadcrumb","itemListElement":[{"@type":"ListItem","position":1,"name":"Home","item":"https:\/\/www.grupocabrera.com.br\/en\/"},{"@type":"ListItem","position":2,"name":"Sectors","item":"https:\/\/www.grupocabrera.com.br\/en\/sectors\/"},{"@type":"ListItem","position":3,"name":"Agribusiness"}]},{"@type":"WebSite","@id":"https:\/\/www.grupocabrera.com.br\/en\/#website","url":"https:\/\/www.grupocabrera.com.br\/en\/","name":"Grupo Cabrera","description":"Agroneg\u00f3cio, Exporta\u00e7\u00e3o de gado e F\u00e1brica de pr\u00e9-moldados","publisher":{"@id":"https:\/\/www.grupocabrera.com.br\/en\/#organization"},"potentialAction":[{"@type":"SearchAction","target":{"@type":"EntryPoint","urlTemplate":"https:\/\/www.grupocabrera.com.br\/en\/?s={search_term_string}"},"query-input":"required name=search_term_string"}],"inLanguage":"en-US"},{"@type":"Organization","@id":"https:\/\/www.grupocabrera.com.br\/en\/#organization","name":"Group Cabrera","url":"https:\/\/www.grupocabrera.com.br\/en\/","logo":{"@type":"ImageObject","inLanguage":"en-US","@id":"https:\/\/www.grupocabrera.com.br\/en\/#\/schema\/logo\/image\/","url":"https:\/\/www.grupocabrera.com.br\/wp-content\/uploads\/2020\/10\/logo_grupo_cabrera_dark.png","contentUrl":"https:\/\/www.grupocabrera.com.br\/wp-content\/uploads\/2020\/10\/logo_grupo_cabrera_dark.png","width":161,"height":58,"caption":"Group Cabrera"},"image":{"@id":"https:\/\/www.grupocabrera.com.br\/en\/#\/schema\/logo\/image\/"}}]}},"_links":{"self":[{"href":"https:\/\/www.grupocabrera.com.br\/en\/wp-json\/wp\/v2\/pages\/1382"}],"collection":[{"href":"https:\/\/www.grupocabrera.com.br\/en\/wp-json\/wp\/v2\/pages"}],"about":[{"href":"https:\/\/www.grupocabrera.com.br\/en\/wp-json\/wp\/v2\/types\/page"}],"author":[{"embeddable":true,"href":"https:\/\/www.grupocabrera.com.br\/en\/wp-json\/wp\/v2\/users\/1"}],"replies":[{"embeddable":true,"href":"https:\/\/www.grupocabrera.com.br\/en\/wp-json\/wp\/v2\/comments?post=1382"}],"version-history":[{"count":2,"href":"https:\/\/www.grupocabrera.com.br\/en\/wp-json\/wp\/v2\/pages\/1382\/revisions"}],"predecessor-version":[{"id":1384,"href":"https:\/\/www.grupocabrera.com.br\/en\/wp-json\/wp\/v2\/pages\/1382\/revisions\/1384"}],"up":[{"embeddable":true,"href":"https:\/\/www.grupocabrera.com.br\/en\/wp-json\/wp\/v2\/pages\/1374"}],"wp:attachment":[{"href":"https:\/\/www.grupocabrera.com.br\/en\/wp-json\/wp\/v2\/media?parent=1382"}],"curies":[{"name":"wp","href":"https:\/\/api.w.org\/{rel}","templated":true}]}}