{"id":1374,"date":"2021-03-11T21:37:51","date_gmt":"2021-03-12T00:37:51","guid":{"rendered":"https:\/\/www.grupocabrera.com.br\/?page_id=1374"},"modified":"2021-03-12T16:38:16","modified_gmt":"2021-03-12T19:38:16","slug":"sectors","status":"publish","type":"page","link":"https:\/\/www.grupocabrera.com.br\/en\/sectors\/","title":{"rendered":"Sectors"},"content":{"rendered":"<section id=\"block_5f8a19687b882\" class=\"row row_ban_internal bg-none bg-fill-full  \" data-aos=\"fade-up\" data-aos-delay=\"100\" >\n          <div class=\"line     line-banner -internal -page-title -mask -full \" style=\" max-height:550px; \">\n      <span class=\"wrap-img img-item\" style=\"\">\n        <picture class=\"wrap-cover\">\n          <source media=\"(max-width: 991px)\" srcset=\"https:\/\/www.grupocabrera.com.br\/wp-content\/uploads\/2020\/10\/banner-interno-segmentos-1024x293.jpg\">\n          <img decoding=\"async\" src=\"https:\/\/www.grupocabrera.com.br\/wp-content\/uploads\/2020\/10\/banner-interno-segmentos.jpg\" alt=\"\">\n        <\/picture>\n      <\/span>\n    <span  class=\"wrap-content  -center\" \n                                                                          ><nav class=\"wrap-beadcrumb\" role=\"menu\"><span><span><a href=\"https:\/\/www.grupocabrera.com.br\/en\/\"><i class=\"far fa-home\"><\/i> Home<\/a><\/span><\/span><\/nav><span class=\"col-12 wrap-titles \"><h2 style=\"text-align: center;\">Our Sectors<\/h2><\/span><\/span><span class=\"arrow-divider\"><i class=\"far fa-arrow-down\"><\/i><\/span><\/div><\/section>\n\n<section id=\"block_5f8a19947b883\" class=\"row row_text bg-none   \" data-aos=\"fade-up\" data-aos-delay=\"100\" >\n          <div class=\"line top-space-large bottom-space-minor   \"><span  class=\"col-12 wrap-content one-column -left\" \n                                                                           style=\"max-width:80%; margin-left:auto; margin-right:auto;\"><p style=\"text-align: center;\">Grupo Cabrera is a producer of Soy, Corn, Sugarcane and Beef in several Brazilian states. All our food production is in accordance with the Federal Forest Code, respecting the environment.<\/p>\n<p style=\"text-align: center;\">We practice knowledge-based farming, using new technologies that aim at the well-being of our employees and preserving the environment.<\/p>\n<\/span><\/div><\/section>\n\n<section id=\"block_5f8ba3345f305\" class=\"row row_img_carousel bg-none   \" data-aos=\"fade-up\" data-aos-delay=\"100\" >\n          <div class=\"line top-space-large bottom-space-large    line-banner -slider  \"><span class=\"col-12 wrap-titles -left \"><span class=\"subtitle -top\">Sectors in which we operate<\/span><\/span><div class=\"swiper-banner\"><div class=\"swiper-wrapper\"><div class=\"swiper-slide slide-0\"><span class=\"wrap-img \">\n                        <picture class=\"slide-img\">\n                          <source media=\"(max-width:992px)\" srcset=\"https:\/\/www.grupocabrera.com.br\/wp-content\/uploads\/2020\/10\/mobile-img-carrossel-02.jpg\">\n                          <img decoding=\"async\" src=\"https:\/\/www.grupocabrera.com.br\/wp-content\/uploads\/2020\/10\/mobile-img-carrossel-02.jpg\" alt=\"Banner - Agroneg\u00f3cio\">\n                        <\/picture>\n                      <\/span><span class=\"slide-content -left\"><span class=\"wrap-content\"><h2>AGRIBUSINESS<\/h2>\n<\/span>\n                          <span class=\"wrap-ctas  \"> \n                           <a class=\"btn -secondary -fill\" \n                              href=\"https:\/\/www.grupocabrera.com.br\/en\/sectors\/agribusiness\/\" >More <\/a>\n                          <\/span>\n                        <\/span\"><\/div><div class=\"swiper-slide slide-1\"><span class=\"wrap-img \">\n                        <picture class=\"slide-img\">\n                          <source media=\"(max-width:992px)\" srcset=\"https:\/\/www.grupocabrera.com.br\/wp-content\/uploads\/2020\/10\/mobile-img-carrossel-03.jpg\">\n                          <img decoding=\"async\" src=\"https:\/\/www.grupocabrera.com.br\/wp-content\/uploads\/2020\/10\/mobile-img-carrossel-03.jpg\" alt=\"Banner - Exporta\u00e7\u00e3o de gado vivo\">\n                        <\/picture>\n                      <\/span><span class=\"slide-content -left\"><span class=\"wrap-content\"><h2>EXPORT OF LIVE CATTLE<\/h2>\n<\/span>\n                          <span class=\"wrap-ctas  \"> \n                           <a class=\"btn -secondary -fill\" \n                              href=\"https:\/\/www.grupocabrera.com.br\/en\/sectors\/export-of-live-cattle\/\" >More <\/a>\n                          <\/span>\n                        <\/span\"><\/div><div class=\"swiper-slide slide-2\"><span class=\"wrap-img \">\n                        <picture class=\"slide-img\">\n                          <source media=\"(max-width:992px)\" srcset=\"https:\/\/www.grupocabrera.com.br\/wp-content\/uploads\/2020\/10\/mobile-img-carrossel-01.jpg\">\n                          <img decoding=\"async\" src=\"https:\/\/www.grupocabrera.com.br\/wp-content\/uploads\/2020\/10\/mobile-img-carrossel-01.jpg\" alt=\"Banner - F\u00e1brica de pr\u00e9-moldados\">\n                        <\/picture>\n                      <\/span><span class=\"slide-content -left\"><span class=\"wrap-content\"><h2>PRECAST FACTORY<\/h2>\n<\/span>\n                          <span class=\"wrap-ctas  \"> \n                           <a class=\"btn -secondary -fill\" \n                              href=\"https:\/\/www.grupocabrera.com.br\/en\/sectors\/precast-factory\/\" >More <\/a>\n                          <\/span>\n                        <\/span\"><\/div><\/div><div class=\"swiper-pagination\"><\/div><\/div>\n          <div class=\"swipper-wrap-arrows\">\n              <div class=\"block_5f8ba3345f305-swiper-button-prev\" title=\"Anterior\"><\/div>\n              <div class=\"block_5f8ba3345f305-swiper-button-next\" title=\"Pr\u00f3xima\"><\/div>\n            <\/div>\n        <\/div><\/section><\/div><\/section>","protected":false},"excerpt":{"rendered":"","protected":false},"author":1,"featured_media":0,"parent":0,"menu_order":5,"comment_status":"closed","ping_status":"closed","template":"","meta":{"_exactmetrics_skip_tracking":false,"_exactmetrics_sitenote_active":false,"_exactmetrics_sitenote_note":"","_exactmetrics_sitenote_category":0},"acf":[],"yoast_head":"<!-- This site is optimized with the Yoast SEO plugin v21.8.1 - https:\/\/yoast.com\/wordpress\/plugins\/seo\/ -->\n<title>Sectors &#187; Grupo Cabrera<\/title>\n<meta name=\"robots\" content=\"index, follow, max-snippet:-1, max-image-preview:large, max-video-preview:-1\" \/>\n<link rel=\"canonical\" href=\"https:\/\/www.grupocabrera.com.br\/en\/sectors\/\" \/>\n<meta property=\"og:locale\" content=\"en_US\" \/>\n<meta property=\"og:type\" content=\"article\" \/>\n<meta property=\"og:title\" content=\"Sectors &#187; Grupo Cabrera\" \/>\n<meta property=\"og:url\" content=\"https:\/\/www.grupocabrera.com.br\/en\/sectors\/\" \/>\n<meta property=\"og:site_name\" content=\"Grupo Cabrera\" \/>\n<meta property=\"article:modified_time\" content=\"2021-03-12T19:38:16+00:00\" \/>\n<meta property=\"og:image\" content=\"https:\/\/www.grupocabrera.com.br\/wp-content\/uploads\/2020\/10\/seo-facebook.png\" \/>\n\t<meta property=\"og:image:width\" content=\"1200\" \/>\n\t<meta property=\"og:image:height\" content=\"630\" \/>\n\t<meta property=\"og:image:type\" content=\"image\/png\" \/>\n<meta name=\"twitter:card\" content=\"summary_large_image\" \/>\n<script type=\"application\/ld+json\" class=\"yoast-schema-graph\">{\"@context\":\"https:\/\/schema.org\",\"@graph\":[{\"@type\":\"WebPage\",\"@id\":\"https:\/\/www.grupocabrera.com.br\/en\/sectors\/\",\"url\":\"https:\/\/www.grupocabrera.com.br\/en\/sectors\/\",\"name\":\"Sectors &#187; Grupo Cabrera\",\"isPartOf\":{\"@id\":\"https:\/\/www.grupocabrera.com.br\/en\/#website\"},\"datePublished\":\"2021-03-12T00:37:51+00:00\",\"dateModified\":\"2021-03-12T19:38:16+00:00\",\"breadcrumb\":{\"@id\":\"https:\/\/www.grupocabrera.com.br\/en\/sectors\/#breadcrumb\"},\"inLanguage\":\"en-US\",\"potentialAction\":[{\"@type\":\"ReadAction\",\"target\":[\"https:\/\/www.grupocabrera.com.br\/en\/sectors\/\"]}]},{\"@type\":\"BreadcrumbList\",\"@id\":\"https:\/\/www.grupocabrera.com.br\/en\/sectors\/#breadcrumb\",\"itemListElement\":[{\"@type\":\"ListItem\",\"position\":1,\"name\":\"Home\",\"item\":\"https:\/\/www.grupocabrera.com.br\/en\/\"},{\"@type\":\"ListItem\",\"position\":2,\"name\":\"Sectors\"}]},{\"@type\":\"WebSite\",\"@id\":\"https:\/\/www.grupocabrera.com.br\/en\/#website\",\"url\":\"https:\/\/www.grupocabrera.com.br\/en\/\",\"name\":\"Grupo Cabrera\",\"description\":\"Agroneg\u00f3cio, Exporta\u00e7\u00e3o de gado e F\u00e1brica de pr\u00e9-moldados\",\"publisher\":{\"@id\":\"https:\/\/www.grupocabrera.com.br\/en\/#organization\"},\"potentialAction\":[{\"@type\":\"SearchAction\",\"target\":{\"@type\":\"EntryPoint\",\"urlTemplate\":\"https:\/\/www.grupocabrera.com.br\/en\/?s={search_term_string}\"},\"query-input\":\"required name=search_term_string\"}],\"inLanguage\":\"en-US\"},{\"@type\":\"Organization\",\"@id\":\"https:\/\/www.grupocabrera.com.br\/en\/#organization\",\"name\":\"Group Cabrera\",\"url\":\"https:\/\/www.grupocabrera.com.br\/en\/\",\"logo\":{\"@type\":\"ImageObject\",\"inLanguage\":\"en-US\",\"@id\":\"https:\/\/www.grupocabrera.com.br\/en\/#\/schema\/logo\/image\/\",\"url\":\"https:\/\/www.grupocabrera.com.br\/wp-content\/uploads\/2020\/10\/logo_grupo_cabrera_dark.png\",\"contentUrl\":\"https:\/\/www.grupocabrera.com.br\/wp-content\/uploads\/2020\/10\/logo_grupo_cabrera_dark.png\",\"width\":161,\"height\":58,\"caption\":\"Group Cabrera\"},\"image\":{\"@id\":\"https:\/\/www.grupocabrera.com.br\/en\/#\/schema\/logo\/image\/\"}}]}<\/script>\n<!-- \/ Yoast SEO plugin. -->","yoast_head_json":{"title":"Sectors &#187; Grupo Cabrera","robots":{"index":"index","follow":"follow","max-snippet":"max-snippet:-1","max-image-preview":"max-image-preview:large","max-video-preview":"max-video-preview:-1"},"canonical":"https:\/\/www.grupocabrera.com.br\/en\/sectors\/","og_locale":"en_US","og_type":"article","og_title":"Sectors &#187; Grupo Cabrera","og_url":"https:\/\/www.grupocabrera.com.br\/en\/sectors\/","og_site_name":"Grupo Cabrera","article_modified_time":"2021-03-12T19:38:16+00:00","og_image":[{"width":1200,"height":630,"url":"https:\/\/www.grupocabrera.com.br\/wp-content\/uploads\/2020\/10\/seo-facebook.png","type":"image\/png"}],"twitter_card":"summary_large_image","schema":{"@context":"https:\/\/schema.org","@graph":[{"@type":"WebPage","@id":"https:\/\/www.grupocabrera.com.br\/en\/sectors\/","url":"https:\/\/www.grupocabrera.com.br\/en\/sectors\/","name":"Sectors &#187; Grupo Cabrera","isPartOf":{"@id":"https:\/\/www.grupocabrera.com.br\/en\/#website"},"datePublished":"2021-03-12T00:37:51+00:00","dateModified":"2021-03-12T19:38:16+00:00","breadcrumb":{"@id":"https:\/\/www.grupocabrera.com.br\/en\/sectors\/#breadcrumb"},"inLanguage":"en-US","potentialAction":[{"@type":"ReadAction","target":["https:\/\/www.grupocabrera.com.br\/en\/sectors\/"]}]},{"@type":"BreadcrumbList","@id":"https:\/\/www.grupocabrera.com.br\/en\/sectors\/#breadcrumb","itemListElement":[{"@type":"ListItem","position":1,"name":"Home","item":"https:\/\/www.grupocabrera.com.br\/en\/"},{"@type":"ListItem","position":2,"name":"Sectors"}]},{"@type":"WebSite","@id":"https:\/\/www.grupocabrera.com.br\/en\/#website","url":"https:\/\/www.grupocabrera.com.br\/en\/","name":"Grupo Cabrera","description":"Agroneg\u00f3cio, Exporta\u00e7\u00e3o de gado e F\u00e1brica de pr\u00e9-moldados","publisher":{"@id":"https:\/\/www.grupocabrera.com.br\/en\/#organization"},"potentialAction":[{"@type":"SearchAction","target":{"@type":"EntryPoint","urlTemplate":"https:\/\/www.grupocabrera.com.br\/en\/?s={search_term_string}"},"query-input":"required name=search_term_string"}],"inLanguage":"en-US"},{"@type":"Organization","@id":"https:\/\/www.grupocabrera.com.br\/en\/#organization","name":"Group Cabrera","url":"https:\/\/www.grupocabrera.com.br\/en\/","logo":{"@type":"ImageObject","inLanguage":"en-US","@id":"https:\/\/www.grupocabrera.com.br\/en\/#\/schema\/logo\/image\/","url":"https:\/\/www.grupocabrera.com.br\/wp-content\/uploads\/2020\/10\/logo_grupo_cabrera_dark.png","contentUrl":"https:\/\/www.grupocabrera.com.br\/wp-content\/uploads\/2020\/10\/logo_grupo_cabrera_dark.png","width":161,"height":58,"caption":"Group Cabrera"},"image":{"@id":"https:\/\/www.grupocabrera.com.br\/en\/#\/schema\/logo\/image\/"}}]}},"_links":{"self":[{"href":"https:\/\/www.grupocabrera.com.br\/en\/wp-json\/wp\/v2\/pages\/1374"}],"collection":[{"href":"https:\/\/www.grupocabrera.com.br\/en\/wp-json\/wp\/v2\/pages"}],"about":[{"href":"https:\/\/www.grupocabrera.com.br\/en\/wp-json\/wp\/v2\/types\/page"}],"author":[{"embeddable":true,"href":"https:\/\/www.grupocabrera.com.br\/en\/wp-json\/wp\/v2\/users\/1"}],"replies":[{"embeddable":true,"href":"https:\/\/www.grupocabrera.com.br\/en\/wp-json\/wp\/v2\/comments?post=1374"}],"version-history":[{"count":6,"href":"https:\/\/www.grupocabrera.com.br\/en\/wp-json\/wp\/v2\/pages\/1374\/revisions"}],"predecessor-version":[{"id":1431,"href":"https:\/\/www.grupocabrera.com.br\/en\/wp-json\/wp\/v2\/pages\/1374\/revisions\/1431"}],"wp:attachment":[{"href":"https:\/\/www.grupocabrera.com.br\/en\/wp-json\/wp\/v2\/media?parent=1374"}],"curies":[{"name":"wp","href":"https:\/\/api.w.org\/{rel}","templated":true}]}}