{"id":1371,"date":"2021-03-11T21:29:43","date_gmt":"2021-03-12T00:29:43","guid":{"rendered":"https:\/\/www.grupocabrera.com.br\/?page_id=1371"},"modified":"2023-03-30T11:02:53","modified_gmt":"2023-03-30T14:02:53","slug":"our-history","status":"publish","type":"page","link":"https:\/\/www.grupocabrera.com.br\/en\/our-history\/","title":{"rendered":"Our History"},"content":{"rendered":"<section id=\"block_c563aeea0176a04cbb9c8bc5ebc7a6d7\" class=\"row row_ban_internal bg-none bg-fill-full  \" data-aos=\"fade-up\" data-aos-delay=\"100\" >\n          <div class=\"line     line-banner -internal -page-title -mask -full \" style=\" max-height:550px; \">\n      <span class=\"wrap-img img-item\" style=\"\">\n        <picture class=\"wrap-cover\">\n          <source media=\"(max-width: 991px)\" srcset=\"https:\/\/www.grupocabrera.com.br\/wp-content\/uploads\/2021\/02\/banner-grupo-cabrera-nossa-historia-1024x293.jpg\">\n          <img decoding=\"async\" src=\"https:\/\/www.grupocabrera.com.br\/wp-content\/uploads\/2021\/02\/banner-grupo-cabrera-nossa-historia.jpg\" alt=\"\">\n        <\/picture>\n      <\/span>\n    <span  class=\"wrap-content  -center\" \n                                                                          ><nav class=\"wrap-beadcrumb\" role=\"menu\"><span><span><a href=\"https:\/\/www.grupocabrera.com.br\/en\/\"><i class=\"far fa-home\"><\/i> Home<\/a><\/span><\/span><\/nav><span class=\"col-12 wrap-titles \"><h2 style=\"text-align: center;\">Our History<\/h2><\/span><\/span><span class=\"arrow-divider\"><i class=\"far fa-arrow-down\"><\/i><\/span><\/div><\/section>\n\n<section id=\"block_4c9e2b9f51607e2f37149181f71a0edc\" class=\"row row_text bg-none   \" data-aos=\"fade-up\" data-aos-delay=\"100\" >\n          <div class=\"line top-space-large bottom-space-minor   \"><span  class=\"col-12 wrap-content one-column -center\" \n                                                                           style=\"max-width:80%; margin-left:auto; margin-right:auto;\"><p>(The Cabrera Group) Grupo Cabrera originates from immigrants from four different countries: Spain, Italy, France  and Portugal who settled here, having  today over 100 years of tradition in the agricultural activity. It operates in several Brazilian states and has always sought technological innovations to best fulfill its main objective: to produce food.<\/p>\n<p>We believe that knowledge-based agriculture should be at the forefront of economic progress in the near future.<\/p>\n<\/span><\/div><\/section>\n\n<section id=\"block_6f145ff6ce77663020a9fced460b9fcd\" class=\"row row_gallery_img    \" data-aos=\"fade-up\" data-aos-delay=\"100\" >\n          <div class=\"line top-space-none bottom-space-none  grid-col-4 \"><div class=\"col-12 wrap-gallery -img grid-col-4\"><a class=\"col-4 img-thumb img-thumb-1 \" href=\"https:\/\/www.grupocabrera.com.br\/wp-content\/uploads\/2021\/02\/agronegocio-ft-03.jpg\" style=\"min-height:160px; \"data-fancybox=\"gallery-block_6f145ff6ce77663020a9fced460b9fcd\" data-caption=\"\" title=\"Ampliar imagem\" >\n      <span class=\"wrap-img img-item\" style=\"\">\n        <picture class=\"wrap-cover\">\n          <source media=\"(max-width: 991px)\" srcset=\"https:\/\/www.grupocabrera.com.br\/wp-content\/uploads\/2021\/02\/agronegocio-ft-03-1024x684.jpg\">\n          <img decoding=\"async\" src=\"https:\/\/www.grupocabrera.com.br\/wp-content\/uploads\/2021\/02\/agronegocio-ft-03.jpg\" alt=\"\">\n        <\/picture>\n      <\/span>\n    <span class=\"wrap-content\"><span class=\"legend\"><\/span><\/span><\/a><\/a><a class=\"col-4 img-thumb img-thumb-2 \" href=\"https:\/\/www.grupocabrera.com.br\/wp-content\/uploads\/2021\/02\/agronegocio-ft-05.jpg\" style=\"min-height:160px; \"data-fancybox=\"gallery-block_6f145ff6ce77663020a9fced460b9fcd\" data-caption=\"\" title=\"Ampliar imagem\" >\n      <span class=\"wrap-img img-item\" style=\"\">\n        <picture class=\"wrap-cover\">\n          <source media=\"(max-width: 991px)\" srcset=\"https:\/\/www.grupocabrera.com.br\/wp-content\/uploads\/2021\/02\/agronegocio-ft-05-1024x710.jpg\">\n          <img decoding=\"async\" src=\"https:\/\/www.grupocabrera.com.br\/wp-content\/uploads\/2021\/02\/agronegocio-ft-05.jpg\" alt=\"\">\n        <\/picture>\n      <\/span>\n    <span class=\"wrap-content\"><span class=\"legend\"><\/span><\/span><\/a><\/a><a class=\"col-4 img-thumb img-thumb-3 \" href=\"https:\/\/www.grupocabrera.com.br\/wp-content\/uploads\/2021\/02\/nossa-historia.jpg\" style=\"min-height:160px; \"data-fancybox=\"gallery-block_6f145ff6ce77663020a9fced460b9fcd\" data-caption=\"\" title=\"Ampliar imagem\" >\n      <span class=\"wrap-img img-item\" style=\"\">\n        <picture class=\"wrap-cover\">\n          <source media=\"(max-width: 991px)\" srcset=\"https:\/\/www.grupocabrera.com.br\/wp-content\/uploads\/2021\/02\/nossa-historia-1024x730.jpg\">\n          <img decoding=\"async\" src=\"https:\/\/www.grupocabrera.com.br\/wp-content\/uploads\/2021\/02\/nossa-historia.jpg\" alt=\"\">\n        <\/picture>\n      <\/span>\n    <span class=\"wrap-content\"><span class=\"legend\"><\/span><\/span><\/a><\/a><\/div><\/section>\n\n<section id=\"block_d06569eac0ed008e6b23965fe6b9a503\" class=\"row row_text bg-none   \" data-aos=\"fade-up\" data-aos-delay=\"100\" >\n          <div class=\"line top-space-minor bottom-space-minor   \"><span  class=\"col-12 wrap-content one-column -left\" \n                                                                          ><p>With its extensive practical experience, the group has partnered with renowned research entities and developers to deliver innovative solutions and improved yields for the rural sector.<\/p>\n<p>Agriculture in the future will not be limited to food production, but will produce energy and other economic essentials.<\/p>\n<p>Brazil\u2019s clearest mission is to produce food. Grupo Cabrera is one of the main protagonists in fulfilling this duty.<\/p>\n<\/span><\/div><\/section>\n\n<section id=\"block_c8580b9a257d9408cae32c4b5de79b44\" class=\"row row_gallery_img    \" data-aos=\"fade-up\" data-aos-delay=\"100\" >\n          <div class=\"line top-space-none bottom-space-large  grid-col-4 \"><div class=\"col-12 wrap-gallery -img grid-col-4\"><a class=\"col-4 img-thumb img-thumb-1 \" href=\"https:\/\/www.grupocabrera.com.br\/wp-content\/uploads\/2021\/02\/agronegocio-ft-07.jpg\" style=\"min-height:160px; \"data-fancybox=\"gallery-block_c8580b9a257d9408cae32c4b5de79b44\" data-caption=\"\" title=\"Ampliar imagem\" >\n      <span class=\"wrap-img img-item\" style=\"\">\n        <picture class=\"wrap-cover\">\n          <source media=\"(max-width: 991px)\" srcset=\"https:\/\/www.grupocabrera.com.br\/wp-content\/uploads\/2021\/02\/agronegocio-ft-07-1024x576.jpg\">\n          <img decoding=\"async\" src=\"https:\/\/www.grupocabrera.com.br\/wp-content\/uploads\/2021\/02\/agronegocio-ft-07.jpg\" alt=\"\">\n        <\/picture>\n      <\/span>\n    <span class=\"wrap-content\"><span class=\"legend\"><\/span><\/span><\/a><\/a><a class=\"col-4 img-thumb img-thumb-2 \" href=\"https:\/\/www.grupocabrera.com.br\/wp-content\/uploads\/2021\/02\/agronegocio-ft-08.jpg\" style=\"min-height:160px; \"data-fancybox=\"gallery-block_c8580b9a257d9408cae32c4b5de79b44\" data-caption=\"\" title=\"Ampliar imagem\" >\n      <span class=\"wrap-img img-item\" style=\"\">\n        <picture class=\"wrap-cover\">\n          <source media=\"(max-width: 991px)\" srcset=\"https:\/\/www.grupocabrera.com.br\/wp-content\/uploads\/2021\/02\/agronegocio-ft-08-1024x576.jpg\">\n          <img decoding=\"async\" src=\"https:\/\/www.grupocabrera.com.br\/wp-content\/uploads\/2021\/02\/agronegocio-ft-08.jpg\" alt=\"\">\n        <\/picture>\n      <\/span>\n    <span class=\"wrap-content\"><span class=\"legend\"><\/span><\/span><\/a><\/a><a class=\"col-4 img-thumb img-thumb-3 \" href=\"https:\/\/www.grupocabrera.com.br\/wp-content\/uploads\/2021\/02\/agronegocio-ft-09.jpg\" style=\"min-height:160px; \"data-fancybox=\"gallery-block_c8580b9a257d9408cae32c4b5de79b44\" data-caption=\"\" title=\"Ampliar imagem\" >\n      <span class=\"wrap-img img-item\" style=\"\">\n        <picture class=\"wrap-cover\">\n          <source media=\"(max-width: 991px)\" srcset=\"https:\/\/www.grupocabrera.com.br\/wp-content\/uploads\/2021\/02\/agronegocio-ft-09-1024x576.jpg\">\n          <img decoding=\"async\" src=\"https:\/\/www.grupocabrera.com.br\/wp-content\/uploads\/2021\/02\/agronegocio-ft-09.jpg\" alt=\"\">\n        <\/picture>\n      <\/span>\n    <span class=\"wrap-content\"><span class=\"legend\"><\/span><\/span><\/a><\/a><\/div><\/section>","protected":false},"excerpt":{"rendered":"","protected":false},"author":1,"featured_media":0,"parent":0,"menu_order":3,"comment_status":"closed","ping_status":"closed","template":"","meta":{"_exactmetrics_skip_tracking":false,"_exactmetrics_sitenote_active":false,"_exactmetrics_sitenote_note":"","_exactmetrics_sitenote_category":0},"acf":[],"yoast_head":"<!-- This site is optimized with the Yoast SEO plugin v21.8.1 - https:\/\/yoast.com\/wordpress\/plugins\/seo\/ -->\n<title>Our History &#187; Grupo Cabrera<\/title>\n<meta name=\"robots\" content=\"index, follow, max-snippet:-1, max-image-preview:large, max-video-preview:-1\" \/>\n<link rel=\"canonical\" href=\"https:\/\/www.grupocabrera.com.br\/en\/our-history\/\" \/>\n<meta property=\"og:locale\" content=\"en_US\" \/>\n<meta property=\"og:type\" content=\"article\" \/>\n<meta property=\"og:title\" content=\"Our History &#187; Grupo Cabrera\" \/>\n<meta property=\"og:url\" content=\"https:\/\/www.grupocabrera.com.br\/en\/our-history\/\" \/>\n<meta property=\"og:site_name\" content=\"Grupo Cabrera\" \/>\n<meta property=\"article:modified_time\" content=\"2023-03-30T14:02:53+00:00\" \/>\n<meta property=\"og:image\" content=\"https:\/\/www.grupocabrera.com.br\/wp-content\/uploads\/2020\/10\/seo-facebook.png\" \/>\n\t<meta property=\"og:image:width\" content=\"1200\" \/>\n\t<meta property=\"og:image:height\" content=\"630\" \/>\n\t<meta property=\"og:image:type\" content=\"image\/png\" \/>\n<meta name=\"twitter:card\" content=\"summary_large_image\" \/>\n<script type=\"application\/ld+json\" class=\"yoast-schema-graph\">{\"@context\":\"https:\/\/schema.org\",\"@graph\":[{\"@type\":\"WebPage\",\"@id\":\"https:\/\/www.grupocabrera.com.br\/en\/our-history\/\",\"url\":\"https:\/\/www.grupocabrera.com.br\/en\/our-history\/\",\"name\":\"Our History &#187; Grupo Cabrera\",\"isPartOf\":{\"@id\":\"https:\/\/www.grupocabrera.com.br\/en\/#website\"},\"datePublished\":\"2021-03-12T00:29:43+00:00\",\"dateModified\":\"2023-03-30T14:02:53+00:00\",\"breadcrumb\":{\"@id\":\"https:\/\/www.grupocabrera.com.br\/en\/our-history\/#breadcrumb\"},\"inLanguage\":\"en-US\",\"potentialAction\":[{\"@type\":\"ReadAction\",\"target\":[\"https:\/\/www.grupocabrera.com.br\/en\/our-history\/\"]}]},{\"@type\":\"BreadcrumbList\",\"@id\":\"https:\/\/www.grupocabrera.com.br\/en\/our-history\/#breadcrumb\",\"itemListElement\":[{\"@type\":\"ListItem\",\"position\":1,\"name\":\"Home\",\"item\":\"https:\/\/www.grupocabrera.com.br\/en\/\"},{\"@type\":\"ListItem\",\"position\":2,\"name\":\"Our History\"}]},{\"@type\":\"WebSite\",\"@id\":\"https:\/\/www.grupocabrera.com.br\/en\/#website\",\"url\":\"https:\/\/www.grupocabrera.com.br\/en\/\",\"name\":\"Grupo Cabrera\",\"description\":\"Agroneg\u00f3cio, Exporta\u00e7\u00e3o de gado e F\u00e1brica de pr\u00e9-moldados\",\"publisher\":{\"@id\":\"https:\/\/www.grupocabrera.com.br\/en\/#organization\"},\"potentialAction\":[{\"@type\":\"SearchAction\",\"target\":{\"@type\":\"EntryPoint\",\"urlTemplate\":\"https:\/\/www.grupocabrera.com.br\/en\/?s={search_term_string}\"},\"query-input\":\"required name=search_term_string\"}],\"inLanguage\":\"en-US\"},{\"@type\":\"Organization\",\"@id\":\"https:\/\/www.grupocabrera.com.br\/en\/#organization\",\"name\":\"Group Cabrera\",\"url\":\"https:\/\/www.grupocabrera.com.br\/en\/\",\"logo\":{\"@type\":\"ImageObject\",\"inLanguage\":\"en-US\",\"@id\":\"https:\/\/www.grupocabrera.com.br\/en\/#\/schema\/logo\/image\/\",\"url\":\"https:\/\/www.grupocabrera.com.br\/wp-content\/uploads\/2020\/10\/logo_grupo_cabrera_dark.png\",\"contentUrl\":\"https:\/\/www.grupocabrera.com.br\/wp-content\/uploads\/2020\/10\/logo_grupo_cabrera_dark.png\",\"width\":161,\"height\":58,\"caption\":\"Group Cabrera\"},\"image\":{\"@id\":\"https:\/\/www.grupocabrera.com.br\/en\/#\/schema\/logo\/image\/\"}}]}<\/script>\n<!-- \/ Yoast SEO plugin. -->","yoast_head_json":{"title":"Our History &#187; Grupo Cabrera","robots":{"index":"index","follow":"follow","max-snippet":"max-snippet:-1","max-image-preview":"max-image-preview:large","max-video-preview":"max-video-preview:-1"},"canonical":"https:\/\/www.grupocabrera.com.br\/en\/our-history\/","og_locale":"en_US","og_type":"article","og_title":"Our History &#187; Grupo Cabrera","og_url":"https:\/\/www.grupocabrera.com.br\/en\/our-history\/","og_site_name":"Grupo Cabrera","article_modified_time":"2023-03-30T14:02:53+00:00","og_image":[{"width":1200,"height":630,"url":"https:\/\/www.grupocabrera.com.br\/wp-content\/uploads\/2020\/10\/seo-facebook.png","type":"image\/png"}],"twitter_card":"summary_large_image","schema":{"@context":"https:\/\/schema.org","@graph":[{"@type":"WebPage","@id":"https:\/\/www.grupocabrera.com.br\/en\/our-history\/","url":"https:\/\/www.grupocabrera.com.br\/en\/our-history\/","name":"Our History &#187; Grupo Cabrera","isPartOf":{"@id":"https:\/\/www.grupocabrera.com.br\/en\/#website"},"datePublished":"2021-03-12T00:29:43+00:00","dateModified":"2023-03-30T14:02:53+00:00","breadcrumb":{"@id":"https:\/\/www.grupocabrera.com.br\/en\/our-history\/#breadcrumb"},"inLanguage":"en-US","potentialAction":[{"@type":"ReadAction","target":["https:\/\/www.grupocabrera.com.br\/en\/our-history\/"]}]},{"@type":"BreadcrumbList","@id":"https:\/\/www.grupocabrera.com.br\/en\/our-history\/#breadcrumb","itemListElement":[{"@type":"ListItem","position":1,"name":"Home","item":"https:\/\/www.grupocabrera.com.br\/en\/"},{"@type":"ListItem","position":2,"name":"Our History"}]},{"@type":"WebSite","@id":"https:\/\/www.grupocabrera.com.br\/en\/#website","url":"https:\/\/www.grupocabrera.com.br\/en\/","name":"Grupo Cabrera","description":"Agroneg\u00f3cio, Exporta\u00e7\u00e3o de gado e F\u00e1brica de pr\u00e9-moldados","publisher":{"@id":"https:\/\/www.grupocabrera.com.br\/en\/#organization"},"potentialAction":[{"@type":"SearchAction","target":{"@type":"EntryPoint","urlTemplate":"https:\/\/www.grupocabrera.com.br\/en\/?s={search_term_string}"},"query-input":"required name=search_term_string"}],"inLanguage":"en-US"},{"@type":"Organization","@id":"https:\/\/www.grupocabrera.com.br\/en\/#organization","name":"Group Cabrera","url":"https:\/\/www.grupocabrera.com.br\/en\/","logo":{"@type":"ImageObject","inLanguage":"en-US","@id":"https:\/\/www.grupocabrera.com.br\/en\/#\/schema\/logo\/image\/","url":"https:\/\/www.grupocabrera.com.br\/wp-content\/uploads\/2020\/10\/logo_grupo_cabrera_dark.png","contentUrl":"https:\/\/www.grupocabrera.com.br\/wp-content\/uploads\/2020\/10\/logo_grupo_cabrera_dark.png","width":161,"height":58,"caption":"Group Cabrera"},"image":{"@id":"https:\/\/www.grupocabrera.com.br\/en\/#\/schema\/logo\/image\/"}}]}},"_links":{"self":[{"href":"https:\/\/www.grupocabrera.com.br\/en\/wp-json\/wp\/v2\/pages\/1371"}],"collection":[{"href":"https:\/\/www.grupocabrera.com.br\/en\/wp-json\/wp\/v2\/pages"}],"about":[{"href":"https:\/\/www.grupocabrera.com.br\/en\/wp-json\/wp\/v2\/types\/page"}],"author":[{"embeddable":true,"href":"https:\/\/www.grupocabrera.com.br\/en\/wp-json\/wp\/v2\/users\/1"}],"replies":[{"embeddable":true,"href":"https:\/\/www.grupocabrera.com.br\/en\/wp-json\/wp\/v2\/comments?post=1371"}],"version-history":[{"count":4,"href":"https:\/\/www.grupocabrera.com.br\/en\/wp-json\/wp\/v2\/pages\/1371\/revisions"}],"predecessor-version":[{"id":2433,"href":"https:\/\/www.grupocabrera.com.br\/en\/wp-json\/wp\/v2\/pages\/1371\/revisions\/2433"}],"wp:attachment":[{"href":"https:\/\/www.grupocabrera.com.br\/en\/wp-json\/wp\/v2\/media?parent=1371"}],"curies":[{"name":"wp","href":"https:\/\/api.w.org\/{rel}","templated":true}]}}