{"id":1365,"date":"2021-03-11T21:22:48","date_gmt":"2021-03-12T00:22:48","guid":{"rendered":"https:\/\/www.grupocabrera.com.br\/?page_id=1365"},"modified":"2023-03-30T10:53:24","modified_gmt":"2023-03-30T13:53:24","slug":"home","status":"publish","type":"page","link":"https:\/\/www.grupocabrera.com.br\/en\/","title":{"rendered":"Home"},"content":{"rendered":"<section id=\"block_03b14e9bd6fed33b970dafe82c56df33\" class=\"row row_ban_slider bg-none bg-fill-full  \" data-aos=\"fade-up\" data-aos-delay=\"100\" >\n          <div class=\"line      line-banner -slider -full \"><div class=\"swiper-banner\"><div class=\"swiper-wrapper\"><div class=\"swiper-slide slide-0\"><span class=\"wrap-img \">\n                        <picture class=\"slide-img\">\n                          <source media=\"(max-width:992px)\" srcset=\"https:\/\/www.grupocabrera.com.br\/wp-content\/uploads\/2020\/12\/banner-main-agronegocio-mobile-min.jpg\">\n                          <img decoding=\"async\" src=\"https:\/\/www.grupocabrera.com.br\/wp-content\/uploads\/2020\/12\/banner-main-agronegocio-min.jpg\" alt=\"Banner - AGRIBUSINESS\">\n                        <\/picture>\n                      <\/span><a  class=\"slide-content -center\" \n                                  href=\"https:\/\/www.grupocabrera.com.br\/segmentos\/agronegocio\/\" ><span class=\"wrap-content\"><h3 style=\"text-align: center;\">Sectors in which we operate<\/h3>\n<h2 style=\"text-align: center;\">AGRIBUSINESS<\/h2>\n<\/span><\/a><\/div><div class=\"swiper-slide slide-1\"><span class=\"wrap-img \">\n                        <picture class=\"slide-img\">\n                          <source media=\"(max-width:992px)\" srcset=\"https:\/\/www.grupocabrera.com.br\/wp-content\/uploads\/2020\/12\/banner-main-gado-mobile-min.jpg\">\n                          <img decoding=\"async\" src=\"https:\/\/www.grupocabrera.com.br\/wp-content\/uploads\/2020\/12\/banner-main-gado-min.jpg\" alt=\"Banner - EXPORT OF LIVE CATTLE\">\n                        <\/picture>\n                      <\/span><a  class=\"slide-content -center\" \n                                  href=\"https:\/\/www.grupocabrera.com.br\/segmentos\/exportacao-de-gado-vivo\/\" ><span class=\"wrap-content\"><h3 style=\"text-align: center;\">Sectors in which we operate<\/h3>\n<h2 style=\"text-align: center;\">EXPORT OF LIVE CATTLE<\/h2>\n<\/span><\/a><\/div><div class=\"swiper-slide slide-2\"><span class=\"wrap-img \">\n                        <picture class=\"slide-img\">\n                          <source media=\"(max-width:992px)\" srcset=\"https:\/\/www.grupocabrera.com.br\/wp-content\/uploads\/2020\/12\/banner-main-pre-moldados-mobile-min.jpg\">\n                          <img decoding=\"async\" src=\"https:\/\/www.grupocabrera.com.br\/wp-content\/uploads\/2020\/12\/banner-main-pre-moldados-min.jpg\" alt=\"Banner - PRECAST FACTORY\">\n                        <\/picture>\n                      <\/span><a  class=\"slide-content -center\" \n                                  href=\"https:\/\/www.grupocabrera.com.br\/segmentos\/pre-moldados\/\" ><span class=\"wrap-content\"><h3 style=\"text-align: center;\">Sectors in which we operate<\/h3>\n<h2 style=\"text-align: center;\">PRECAST FACTORY<\/h2>\n<\/span><\/a><\/div><div class=\"swiper-slide slide-3\"><span class=\"wrap-img \">\n                        <picture class=\"slide-img\">\n                          <source media=\"(max-width:992px)\" srcset=\"https:\/\/www.grupocabrera.com.br\/wp-content\/uploads\/2023\/03\/banner-fazenda-solar-mobile.png\">\n                          <img decoding=\"async\" src=\"https:\/\/www.grupocabrera.com.br\/wp-content\/uploads\/2023\/03\/banner-fazenda-solar-desk.png\" alt=\"Banner - SOLAR FARM\">\n                        <\/picture>\n                      <\/span><span class=\"slide-content -center\"><span class=\"wrap-content\"><h3 style=\"text-align: center;\">Sectors in which we operate<\/h3>\n<h2 style=\"text-align: center;\">SOLAR FARM<\/h2>\n<\/span>\n                          <span class=\"wrap-ctas  -center\"> \n                           <a class=\"btn -secondary -fill\" \n                              href=\"https:\/\/www.grupocabrera.com.br\/en\/sectors\/solar-farm\/\" >Solar Farm <\/a>\n                          <\/span>\n                        <\/span\"><\/div><\/div><div class=\"swiper-pagination\"><\/div><\/div><\/div><\/section>\n\n<section id=\"block_02db45b9b75688b6590130a5704984d5\" class=\"row row_phrases bg-none   \" data-aos=\"fade-up\" data-aos-delay=\"100\" >\n          <div class=\"line top-space-medium bottom-space-minor   \"><span class=\"col-12 wrap-titles -left \"><span class=\"subtitle -top\">REFLECTIONS<\/span><\/span><div class=\"col-12 container-phrases swiper-block-block_02db45b9b75688b6590130a5704984d5\"><div class=\"wrap-phrases swiper-wrapper \"><blockquote class=\"col-12 swiper-slide phrase-item phrase-item-1\"><span  class=\"wrap-content  -left\" \n                                                                          ><p>\u201cBad crops bring scarcity, but it is the violence of well-meaning governments that convert scarcity into starvation.\u201d<\/p>\n<\/span><cite class=\"wrap-author\">\n                      <strong>Adam Smith<\/strong>\n                      <span><\/span>\n                    <\/cite><\/blockquote><blockquote class=\"col-12 swiper-slide phrase-item phrase-item-2\"><span  class=\"wrap-content  -left\" \n                                                                          ><p>Whoever can farming two corn cobs or two leaves of grass, where just only one grew up, will do good for humanity more than all politicians together.<\/p>\n<\/span><cite class=\"wrap-author\">\n                      <strong>Jonathan Swift, Viagens de Gulliver<\/strong>\n                      <span><\/span>\n                    <\/cite><\/blockquote><blockquote class=\"col-12 swiper-slide phrase-item phrase-item-3\"><span  class=\"wrap-content  -left\" \n                                                                          ><p>\u201cSoldier without a uniform, hero without a medal.\u201d<\/p>\n<\/span><cite class=\"wrap-author\">\n                      <strong>Country Music Lyrics<\/strong>\n                      <span><\/span>\n                    <\/cite><\/blockquote><blockquote class=\"col-12 swiper-slide phrase-item phrase-item-4\"><span  class=\"wrap-content  -left\" \n                                                                          ><p>\u201cKeep Calm and Be a Farmer\u201d<\/p>\n<\/span><cite class=\"wrap-author\">\n                      <strong>Unknow Author<\/strong>\n                      <span><\/span>\n                    <\/cite><\/blockquote><blockquote class=\"col-12 swiper-slide phrase-item phrase-item-5\"><span  class=\"wrap-content  -left\" \n                                                                          ><p>\u201cIf Brazilian agriculture were a country, it would be the fastest growing and developing nati0on on the planet.\u201d<\/p>\n<\/span><cite class=\"wrap-author\">\n                      <strong>BBC London<\/strong>\n                      <span><\/span>\n                    <\/cite><\/blockquote><blockquote class=\"col-12 swiper-slide phrase-item phrase-item-6\"><span  class=\"wrap-content  -left\" \n                                                                          ><p>\u201cCopying the industry is easy, I bring the machine and do the production, now there is no way to copy the tropical agriculture, there is no one to copy.\u201d<\/p>\n<\/span><cite class=\"wrap-author\">\n                      <strong>Eugene Gudin<\/strong>\n                      <span><\/span>\n                    <\/cite><\/blockquote><blockquote class=\"col-12 swiper-slide phrase-item phrase-item-7\"><span  class=\"wrap-content  -left\" \n                                                                          ><p>&#8220;So if you were asked to describe the sort of food producer that will matter most in the next 40 years, you would probably say something like this:<br \/>\nsomeone who has greatly increased the production and seems able to continue increasing;. someone who has water and land reserves;<br \/>\nsomeone who be able to keep a large cattle herd;<br \/>\nsomeone who is productive without massive state subsidies.<br \/>\nand perhaps someone with fertile areas available\u2026<br \/>\nIn other words, you would be describing the producer from Brazil.&#8221;<\/p>\n<\/span><cite class=\"wrap-author\">\n                      <strong>The Economist &#8211; (The Miracle of the Cerrado)<\/strong>\n                      <span><\/span>\n                    <\/cite><\/blockquote><\/div>\n             <div class=\"swipper-wrap-arrows\">\n              <div class=\"swiper-button-prev block_02db45b9b75688b6590130a5704984d5-button-prev\" title=\"Anterior\"><\/div>\n              <div class=\"swiper-button-next block_02db45b9b75688b6590130a5704984d5-button-next\" title=\"Pr\u00f3xima\"><\/div>\n            <\/div>\n          <\/div><\/div><\/section>\n\n<section id=\"block_39f91612848bad643a53257a6eaeeff7\" class=\"row row_text_img bg-none   \" data-aos=\"fade-up\" data-aos-delay=\"100\" >\n          <div class=\"line top-space-large bottom-space-large   \"><span  class=\"col-6 wrap-content  -left\" \n                                                                          ><span class=\"col-12 wrap-titles \"><h3>About us<\/h3><h2>Grupo Cabrera originates with immigrants from four different countries: Spain, Italy, France and Portugal. These early settlers established over 100 years of proud tradition in agricultural activity in Brazil.<\/h2><\/span><nav class=\"col-12 wrap-ctas  \"><a  class=\"btn -secondary -fill -icon -arrow -visible\" \n                      href=\"https:\/\/www.grupocabrera.com.br\/en\/our-history\/\">More <\/a><\/nav><\/span><\/span><span class=\"col-6 wrap-imgs count-img-2\">\n      <span class=\"wrap-img img-item img-0\" style=\"\">\n        <picture class=\"wrap-cover\">\n          <source media=\"(max-width: 991px)\" srcset=\"https:\/\/www.grupocabrera.com.br\/wp-content\/uploads\/2021\/02\/agronegocio-ft-04-1024x689.jpg\">\n          <img decoding=\"async\" src=\"https:\/\/www.grupocabrera.com.br\/wp-content\/uploads\/2021\/02\/agronegocio-ft-04.jpg\" alt=\"\">\n        <\/picture>\n      <\/span>\n    \n      <span class=\"wrap-img img-item img-1\" style=\"\">\n        <picture class=\"wrap-cover\">\n          <source media=\"(max-width: 991px)\" srcset=\"https:\/\/www.grupocabrera.com.br\/wp-content\/uploads\/2021\/02\/nossa-historia-1024x730.jpg\">\n          <img decoding=\"async\" src=\"https:\/\/www.grupocabrera.com.br\/wp-content\/uploads\/2021\/02\/nossa-historia.jpg\" alt=\"\">\n        <\/picture>\n      <\/span>\n    <\/span><\/div><\/section>","protected":false},"excerpt":{"rendered":"","protected":false},"author":1,"featured_media":0,"parent":0,"menu_order":1,"comment_status":"closed","ping_status":"closed","template":"","meta":{"_exactmetrics_skip_tracking":false,"_exactmetrics_sitenote_active":false,"_exactmetrics_sitenote_note":"","_exactmetrics_sitenote_category":0},"acf":[],"yoast_head":"<!-- This site is optimized with the Yoast SEO plugin v21.8.1 - https:\/\/yoast.com\/wordpress\/plugins\/seo\/ -->\n<title>Home &#187; Grupo Cabrera<\/title>\n<meta name=\"robots\" content=\"index, follow, max-snippet:-1, max-image-preview:large, max-video-preview:-1\" \/>\n<link rel=\"canonical\" href=\"https:\/\/www.grupocabrera.com.br\/en\/\" \/>\n<meta property=\"og:locale\" content=\"en_US\" \/>\n<meta property=\"og:type\" content=\"article\" \/>\n<meta property=\"og:title\" content=\"Home &#187; Grupo Cabrera\" \/>\n<meta property=\"og:url\" content=\"https:\/\/www.grupocabrera.com.br\/en\/\" \/>\n<meta property=\"og:site_name\" content=\"Grupo Cabrera\" \/>\n<meta property=\"article:modified_time\" content=\"2023-03-30T13:53:24+00:00\" \/>\n<meta property=\"og:image\" content=\"https:\/\/www.grupocabrera.com.br\/wp-content\/uploads\/2020\/10\/seo-facebook.png\" \/>\n\t<meta property=\"og:image:width\" content=\"1200\" \/>\n\t<meta property=\"og:image:height\" content=\"630\" \/>\n\t<meta property=\"og:image:type\" content=\"image\/png\" \/>\n<meta name=\"twitter:card\" content=\"summary_large_image\" \/>\n<script type=\"application\/ld+json\" class=\"yoast-schema-graph\">{\"@context\":\"https:\/\/schema.org\",\"@graph\":[{\"@type\":\"WebPage\",\"@id\":\"https:\/\/www.grupocabrera.com.br\/en\/\",\"url\":\"https:\/\/www.grupocabrera.com.br\/en\/\",\"name\":\"Home &#187; Grupo Cabrera\",\"isPartOf\":{\"@id\":\"https:\/\/www.grupocabrera.com.br\/en\/#website\"},\"datePublished\":\"2021-03-12T00:22:48+00:00\",\"dateModified\":\"2023-03-30T13:53:24+00:00\",\"breadcrumb\":{\"@id\":\"https:\/\/www.grupocabrera.com.br\/en\/#breadcrumb\"},\"inLanguage\":\"en-US\",\"potentialAction\":[{\"@type\":\"ReadAction\",\"target\":[\"https:\/\/www.grupocabrera.com.br\/en\/\"]}]},{\"@type\":\"BreadcrumbList\",\"@id\":\"https:\/\/www.grupocabrera.com.br\/en\/#breadcrumb\",\"itemListElement\":[{\"@type\":\"ListItem\",\"position\":1,\"name\":\"Home\",\"item\":\"https:\/\/www.grupocabrera.com.br\/en\/\"},{\"@type\":\"ListItem\",\"position\":2,\"name\":\"Home\"}]},{\"@type\":\"WebSite\",\"@id\":\"https:\/\/www.grupocabrera.com.br\/en\/#website\",\"url\":\"https:\/\/www.grupocabrera.com.br\/en\/\",\"name\":\"Grupo Cabrera\",\"description\":\"Agroneg\u00f3cio, Exporta\u00e7\u00e3o de gado e F\u00e1brica de pr\u00e9-moldados\",\"publisher\":{\"@id\":\"https:\/\/www.grupocabrera.com.br\/en\/#organization\"},\"potentialAction\":[{\"@type\":\"SearchAction\",\"target\":{\"@type\":\"EntryPoint\",\"urlTemplate\":\"https:\/\/www.grupocabrera.com.br\/en\/?s={search_term_string}\"},\"query-input\":\"required name=search_term_string\"}],\"inLanguage\":\"en-US\"},{\"@type\":\"Organization\",\"@id\":\"https:\/\/www.grupocabrera.com.br\/en\/#organization\",\"name\":\"Group Cabrera\",\"url\":\"https:\/\/www.grupocabrera.com.br\/en\/\",\"logo\":{\"@type\":\"ImageObject\",\"inLanguage\":\"en-US\",\"@id\":\"https:\/\/www.grupocabrera.com.br\/en\/#\/schema\/logo\/image\/\",\"url\":\"https:\/\/www.grupocabrera.com.br\/wp-content\/uploads\/2020\/10\/logo_grupo_cabrera_dark.png\",\"contentUrl\":\"https:\/\/www.grupocabrera.com.br\/wp-content\/uploads\/2020\/10\/logo_grupo_cabrera_dark.png\",\"width\":161,\"height\":58,\"caption\":\"Group Cabrera\"},\"image\":{\"@id\":\"https:\/\/www.grupocabrera.com.br\/en\/#\/schema\/logo\/image\/\"}}]}<\/script>\n<!-- \/ Yoast SEO plugin. -->","yoast_head_json":{"title":"Home &#187; Grupo Cabrera","robots":{"index":"index","follow":"follow","max-snippet":"max-snippet:-1","max-image-preview":"max-image-preview:large","max-video-preview":"max-video-preview:-1"},"canonical":"https:\/\/www.grupocabrera.com.br\/en\/","og_locale":"en_US","og_type":"article","og_title":"Home &#187; Grupo Cabrera","og_url":"https:\/\/www.grupocabrera.com.br\/en\/","og_site_name":"Grupo Cabrera","article_modified_time":"2023-03-30T13:53:24+00:00","og_image":[{"width":1200,"height":630,"url":"https:\/\/www.grupocabrera.com.br\/wp-content\/uploads\/2020\/10\/seo-facebook.png","type":"image\/png"}],"twitter_card":"summary_large_image","schema":{"@context":"https:\/\/schema.org","@graph":[{"@type":"WebPage","@id":"https:\/\/www.grupocabrera.com.br\/en\/","url":"https:\/\/www.grupocabrera.com.br\/en\/","name":"Home &#187; Grupo Cabrera","isPartOf":{"@id":"https:\/\/www.grupocabrera.com.br\/en\/#website"},"datePublished":"2021-03-12T00:22:48+00:00","dateModified":"2023-03-30T13:53:24+00:00","breadcrumb":{"@id":"https:\/\/www.grupocabrera.com.br\/en\/#breadcrumb"},"inLanguage":"en-US","potentialAction":[{"@type":"ReadAction","target":["https:\/\/www.grupocabrera.com.br\/en\/"]}]},{"@type":"BreadcrumbList","@id":"https:\/\/www.grupocabrera.com.br\/en\/#breadcrumb","itemListElement":[{"@type":"ListItem","position":1,"name":"Home","item":"https:\/\/www.grupocabrera.com.br\/en\/"},{"@type":"ListItem","position":2,"name":"Home"}]},{"@type":"WebSite","@id":"https:\/\/www.grupocabrera.com.br\/en\/#website","url":"https:\/\/www.grupocabrera.com.br\/en\/","name":"Grupo Cabrera","description":"Agroneg\u00f3cio, Exporta\u00e7\u00e3o de gado e F\u00e1brica de pr\u00e9-moldados","publisher":{"@id":"https:\/\/www.grupocabrera.com.br\/en\/#organization"},"potentialAction":[{"@type":"SearchAction","target":{"@type":"EntryPoint","urlTemplate":"https:\/\/www.grupocabrera.com.br\/en\/?s={search_term_string}"},"query-input":"required name=search_term_string"}],"inLanguage":"en-US"},{"@type":"Organization","@id":"https:\/\/www.grupocabrera.com.br\/en\/#organization","name":"Group Cabrera","url":"https:\/\/www.grupocabrera.com.br\/en\/","logo":{"@type":"ImageObject","inLanguage":"en-US","@id":"https:\/\/www.grupocabrera.com.br\/en\/#\/schema\/logo\/image\/","url":"https:\/\/www.grupocabrera.com.br\/wp-content\/uploads\/2020\/10\/logo_grupo_cabrera_dark.png","contentUrl":"https:\/\/www.grupocabrera.com.br\/wp-content\/uploads\/2020\/10\/logo_grupo_cabrera_dark.png","width":161,"height":58,"caption":"Group Cabrera"},"image":{"@id":"https:\/\/www.grupocabrera.com.br\/en\/#\/schema\/logo\/image\/"}}]}},"_links":{"self":[{"href":"https:\/\/www.grupocabrera.com.br\/en\/wp-json\/wp\/v2\/pages\/1365"}],"collection":[{"href":"https:\/\/www.grupocabrera.com.br\/en\/wp-json\/wp\/v2\/pages"}],"about":[{"href":"https:\/\/www.grupocabrera.com.br\/en\/wp-json\/wp\/v2\/types\/page"}],"author":[{"embeddable":true,"href":"https:\/\/www.grupocabrera.com.br\/en\/wp-json\/wp\/v2\/users\/1"}],"replies":[{"embeddable":true,"href":"https:\/\/www.grupocabrera.com.br\/en\/wp-json\/wp\/v2\/comments?post=1365"}],"version-history":[{"count":12,"href":"https:\/\/www.grupocabrera.com.br\/en\/wp-json\/wp\/v2\/pages\/1365\/revisions"}],"predecessor-version":[{"id":2429,"href":"https:\/\/www.grupocabrera.com.br\/en\/wp-json\/wp\/v2\/pages\/1365\/revisions\/2429"}],"wp:attachment":[{"href":"https:\/\/www.grupocabrera.com.br\/en\/wp-json\/wp\/v2\/media?parent=1365"}],"curies":[{"name":"wp","href":"https:\/\/api.w.org\/{rel}","templated":true}]}}